{"id":386,"date":"2015-09-14T16:12:21","date_gmt":"2015-09-14T16:12:21","guid":{"rendered":"http:\/\/juliakrantz.com.br\/?page_id=386"},"modified":"2023-08-19T02:06:03","modified_gmt":"2023-08-19T02:06:03","slug":"clipping","status":"publish","type":"page","link":"https:\/\/juliakrantz.com.br\/en\/clipping\/","title":{"rendered":"Clipping"},"content":{"rendered":"<div class=\"wp-block-timeline-express-timeline-block\">\t\t\t<section id=\"cd-timeline\" class=\"cd-container timeline-express\">\n\n\t\t\t\n<div class=\"cd-timeline-block july 06 2021 announcement-1443\">\n\n\t\n\t\t<a class=\"cd-timeline-icon-link\" href=\"https:\/\/juliakrantz.com.br\/en\/announcement\/marcenaria-escultural\/\">\n\n\t\t\t\n\t\t<div class=\"cd-timeline-img cd-picture\" style=\"background:#ffffff;\">\n\n\t\t\t<!-- Custom Action Hook -->\n\t\t\t\n\t\t\t\t<!-- Standard Font Awesome Icon -->\n\t\t\t\t<span class=\"fa fa-newspaper-o\" title=\"Marcenaria escultural\"><\/span>\n\n\t\t\t\n\t\t<\/div> <!-- cd-timeline-img -->\n\n\t\n\t\t<\/a>\n\n\t\t\n\t<!-- Timeline Content -->\n\t<div class=\"cd-timeline-content\">\n\n\t\t\n\t\t<!-- Announcement Title -->\n\t\t<div class=\"cd-timeline-title-container\">\n\n\t\t\t\n\t\t\t<h2 class=\"cd-timeline-item-title\">\n\t\t\t\tMarcenaria escultural\t\t\t<\/h2>\n\n\t\t\t\t\t\t\t<p class=\"timeline-date\">\n\t\t\t\t\t6 de July de 2021\t\t\t\t<\/p>\n\t\t\t\t\t\t<\/div>\n\t\t<!-- End Announcement Title -->\n\n\t\t<img width=\"350\" height=\"120\" src=\"https:\/\/juliakrantz.com.br\/wp-content\/uploads\/2021\/07\/MDV1-350x120.png\" class=\"announcement-banner-image\" alt=\"Marcenaria escultural\" loading=\"lazy\" \/>\n\t\t<!-- Announcement Excerpt -->\n\t\t<div class=\"the-excerpt\">\n\t\t\t<p>Revista M\u00f3veis de Valor &#8211; edi\u00e7\u00e3o 206 &#8211; maio 2021 Edi\u00e7\u00e3o comemorativa &#8211; 20 anos Para ler a mat\u00e9ria na \u00edntegra, clique aqui.<\/p>\n<a class=\"timeline-express-read-more-link\" href=\"https:\/\/juliakrantz.com.br\/en\/announcement\/marcenaria-escultural\/\"> Read more<\/a>\t\t<\/div>\n\t\t<!-- End Announcement Excerpt -->\n\n\t\t\n\t<\/div>\n\t<!-- End Timeline Content -->\n\n<\/div>\n<!-- End Timeline Block -->\n\n<div class=\"cd-timeline-block april 30 2021 announcement-1441\">\n\n\t\n\t\t<a class=\"cd-timeline-icon-link\" href=\"https:\/\/juliakrantz.com.br\/en\/announcement\/blog-maria-elza-bezerra-lirne\/\">\n\n\t\t\t\n\t\t<div class=\"cd-timeline-img cd-picture\" style=\"background:#0a0a0a;\">\n\n\t\t\t<!-- Custom Action Hook -->\n\t\t\t\n\t\t\t\t<!-- Standard Font Awesome Icon -->\n\t\t\t\t<span class=\"fa fa-newspaper-o\" title=\"Blog Maria Elza Bezerra Lirne\"><\/span>\n\n\t\t\t\n\t\t<\/div> <!-- cd-timeline-img -->\n\n\t\n\t\t<\/a>\n\n\t\t\n\t<!-- Timeline Content -->\n\t<div class=\"cd-timeline-content\">\n\n\t\t\n\t\t<!-- Announcement Title -->\n\t\t<div class=\"cd-timeline-title-container\">\n\n\t\t\t\n\t\t\t<h2 class=\"cd-timeline-item-title\">\n\t\t\t\tBlog Maria Elza Bezerra Lirne\t\t\t<\/h2>\n\n\t\t\t\t\t\t\t<p class=\"timeline-date\">\n\t\t\t\t\t30 de April de 2021\t\t\t\t<\/p>\n\t\t\t\t\t\t<\/div>\n\t\t<!-- End Announcement Title -->\n\n\t\t<img width=\"350\" height=\"120\" src=\"https:\/\/juliakrantz.com.br\/wp-content\/uploads\/2021\/05\/Screen-Shot-2021-05-04-at-07.46.50-350x120.png\" class=\"announcement-banner-image\" alt=\"Blog Maria Elza Bezerra Lirne\" loading=\"lazy\" \/>\n\t\t<!-- Announcement Excerpt -->\n\t\t<div class=\"the-excerpt\">\n\t\t\t<p>Entrevista completa, clique aqui.<\/p>\n<a class=\"timeline-express-read-more-link\" href=\"https:\/\/juliakrantz.com.br\/en\/announcement\/blog-maria-elza-bezerra-lirne\/\"> Read more<\/a>\t\t<\/div>\n\t\t<!-- End Announcement Excerpt -->\n\n\t\t\n\t<\/div>\n\t<!-- End Timeline Content -->\n\n<\/div>\n<!-- End Timeline Block -->\n\n<div class=\"cd-timeline-block april 13 2021 announcement-1424\">\n\n\t\n\t\t<a class=\"cd-timeline-icon-link\" href=\"https:\/\/juliakrantz.com.br\/en\/announcement\/caderno-nossa-portal-uol\/\">\n\n\t\t\t\n\t\t<div class=\"cd-timeline-img cd-picture\" style=\"background:#000000;\">\n\n\t\t\t<!-- Custom Action Hook -->\n\t\t\t\n\t\t\t\t<!-- Standard Font Awesome Icon -->\n\t\t\t\t<span class=\"fa fa-newspaper-o\" title=\"Caderno NOSSA &#8211; Portal UOL\"><\/span>\n\n\t\t\t\n\t\t<\/div> <!-- cd-timeline-img -->\n\n\t\n\t\t<\/a>\n\n\t\t\n\t<!-- Timeline Content -->\n\t<div class=\"cd-timeline-content\">\n\n\t\t\n\t\t<!-- Announcement Title -->\n\t\t<div class=\"cd-timeline-title-container\">\n\n\t\t\t\n\t\t\t<h2 class=\"cd-timeline-item-title\">\n\t\t\t\tCaderno NOSSA &#8211; Portal UOL\t\t\t<\/h2>\n\n\t\t\t\t\t\t\t<p class=\"timeline-date\">\n\t\t\t\t\t13 de April de 2021\t\t\t\t<\/p>\n\t\t\t\t\t\t<\/div>\n\t\t<!-- End Announcement Title -->\n\n\t\t<img width=\"350\" height=\"120\" src=\"https:\/\/juliakrantz.com.br\/wp-content\/uploads\/2021\/04\/2104-04-350x120.jpg\" class=\"announcement-banner-image\" alt=\"Caderno NOSSA &#8211; Portal UOL\" loading=\"lazy\" \/>\n\t\t<!-- Announcement Excerpt -->\n\t\t<div class=\"the-excerpt\">\n\t\t\t<p>M\u00f3veis de madeira ou esculturas? Marceneira impressiona com entalhes Mat\u00e9ria completa, clique aqui.<\/p>\n<a class=\"timeline-express-read-more-link\" href=\"https:\/\/juliakrantz.com.br\/en\/announcement\/caderno-nossa-portal-uol\/\"> Read more<\/a>\t\t<\/div>\n\t\t<!-- End Announcement Excerpt -->\n\n\t\t\n\t<\/div>\n\t<!-- End Timeline Content -->\n\n<\/div>\n<!-- End Timeline Block -->\n\n<div class=\"cd-timeline-block february 23 2021 announcement-1421\">\n\n\t\n\t\t<a class=\"cd-timeline-icon-link\" href=\"https:\/\/juliakrantz.com.br\/en\/announcement\/1421-2\/\">\n\n\t\t\t\n\t\t<div class=\"cd-timeline-img cd-picture\" style=\"background:#000000;\">\n\n\t\t\t<!-- Custom Action Hook -->\n\t\t\t\n\t\t\t\t<!-- Standard Font Awesome Icon -->\n\t\t\t\t<span class=\"fa fa-newspaper-o\" title=\"Revista TOPVIEW &#8211; fev\/2021\"><\/span>\n\n\t\t\t\n\t\t<\/div> <!-- cd-timeline-img -->\n\n\t\n\t\t<\/a>\n\n\t\t\n\t<!-- Timeline Content -->\n\t<div class=\"cd-timeline-content\">\n\n\t\t\n\t\t<!-- Announcement Title -->\n\t\t<div class=\"cd-timeline-title-container\">\n\n\t\t\t\n\t\t\t<h2 class=\"cd-timeline-item-title\">\n\t\t\t\tRevista TOPVIEW &#8211; fev\/2021\t\t\t<\/h2>\n\n\t\t\t\t\t\t\t<p class=\"timeline-date\">\n\t\t\t\t\t23 de February de 2021\t\t\t\t<\/p>\n\t\t\t\t\t\t<\/div>\n\t\t<!-- End Announcement Title -->\n\n\t\t<img width=\"350\" height=\"120\" src=\"https:\/\/juliakrantz.com.br\/wp-content\/uploads\/2021\/04\/Screen-Shot-2021-04-28-at-21.25.40-350x120.png\" class=\"announcement-banner-image\" alt=\"Revista TOPVIEW &#8211; fev\/2021\" loading=\"lazy\" \/>\n\t\t<!-- Announcement Excerpt -->\n\t\t<div class=\"the-excerpt\">\n\t\t\t<p>Design inspirado e consciente A produ\u00e7\u00e3o inspirada na natureza por uma profissional que faz uso consciente da madeira. Link da mat\u00e9ria, clique aqui.<\/p>\n<a class=\"timeline-express-read-more-link\" href=\"https:\/\/juliakrantz.com.br\/en\/announcement\/1421-2\/\"> Read more<\/a>\t\t<\/div>\n\t\t<!-- End Announcement Excerpt -->\n\n\t\t\n\t<\/div>\n\t<!-- End Timeline Content -->\n\n<\/div>\n<!-- End Timeline Block -->\n\n<div class=\"cd-timeline-block july 06 2016 announcement-798\">\n\n\t\n\t\t<a class=\"cd-timeline-icon-link\" href=\"https:\/\/juliakrantz.com.br\/en\/announcement\/piasa-design-do-brasil\/\">\n\n\t\t\t\n\t\t<div class=\"cd-timeline-img cd-picture\" style=\"background:#000000;\">\n\n\t\t\t<!-- Custom Action Hook -->\n\t\t\t\n\t\t\t\t<!-- Standard Font Awesome Icon -->\n\t\t\t\t<span class=\"fa fa-circle-o\" title=\"PIASA &#8211; Design do Brasil\"><\/span>\n\n\t\t\t\n\t\t<\/div> <!-- cd-timeline-img -->\n\n\t\n\t\t<\/a>\n\n\t\t\n\t<!-- Timeline Content -->\n\t<div class=\"cd-timeline-content\">\n\n\t\t\n\t\t<!-- Announcement Title -->\n\t\t<div class=\"cd-timeline-title-container\">\n\n\t\t\t\n\t\t\t<h2 class=\"cd-timeline-item-title\">\n\t\t\t\tPIASA &#8211; Design do Brasil\t\t\t<\/h2>\n\n\t\t\t\t\t\t\t<p class=\"timeline-date\">\n\t\t\t\t\t6 de July de 2016\t\t\t\t<\/p>\n\t\t\t\t\t\t<\/div>\n\t\t<!-- End Announcement Title -->\n\n\t\t<img width=\"350\" height=\"120\" src=\"https:\/\/juliakrantz.com.br\/wp-content\/uploads\/2016\/06\/COUV_-DO_BRASIL-350x120.jpg\" class=\"announcement-banner-image\" alt=\"PIASA &#8211; Design do Brasil\" loading=\"lazy\" \/>\n\t\t<!-- Announcement Excerpt -->\n\t\t<div class=\"the-excerpt\">\n\t\t\t<p>Download<\/p>\n<a class=\"timeline-express-read-more-link\" href=\"https:\/\/juliakrantz.com.br\/en\/announcement\/piasa-design-do-brasil\/\"> Read more<\/a>\t\t<\/div>\n\t\t<!-- End Announcement Excerpt -->\n\n\t\t\n\t<\/div>\n\t<!-- End Timeline Content -->\n\n<\/div>\n<!-- End Timeline Block -->\n\n<div class=\"cd-timeline-block july 24 2015 announcement-688\">\n\n\t\n\t\t<a class=\"cd-timeline-icon-link\" href=\"https:\/\/juliakrantz.com.br\/en\/announcement\/guia-do-design-de-sao-paulo\/\">\n\n\t\t\t\n\t\t<div class=\"cd-timeline-img cd-picture\" style=\"background:#000000;\">\n\n\t\t\t<!-- Custom Action Hook -->\n\t\t\t\n\t\t\t\t<!-- Standard Font Awesome Icon -->\n\t\t\t\t<span class=\"fa fa-book\" title=\"Guia do design de S\u00e3o Paulo\"><\/span>\n\n\t\t\t\n\t\t<\/div> <!-- cd-timeline-img -->\n\n\t\n\t\t<\/a>\n\n\t\t\n\t<!-- Timeline Content -->\n\t<div class=\"cd-timeline-content\">\n\n\t\t\n\t\t<!-- Announcement Title -->\n\t\t<div class=\"cd-timeline-title-container\">\n\n\t\t\t\n\t\t\t<h2 class=\"cd-timeline-item-title\">\n\t\t\t\tGuia do design de S\u00e3o Paulo\t\t\t<\/h2>\n\n\t\t\t\t\t\t\t<p class=\"timeline-date\">\n\t\t\t\t\t24 de July de 2015\t\t\t\t<\/p>\n\t\t\t\t\t\t<\/div>\n\t\t<!-- End Announcement Title -->\n\n\t\t<img width=\"350\" height=\"120\" src=\"https:\/\/juliakrantz.com.br\/wp-content\/uploads\/2015\/09\/Guia-do-design-de-Sao-Paulo-07-07-2015-350x120.jpg\" class=\"announcement-banner-image\" alt=\"Guia do design de S\u00e3o Paulo\" loading=\"lazy\" \/>\n\t\t<!-- Announcement Excerpt -->\n\t\t<div class=\"the-excerpt\">\n\t\t\t<a class=\"timeline-express-read-more-link\" href=\"https:\/\/juliakrantz.com.br\/en\/announcement\/guia-do-design-de-sao-paulo\/\"> Read more<\/a>\t\t<\/div>\n\t\t<!-- End Announcement Excerpt -->\n\n\t\t\n\t<\/div>\n\t<!-- End Timeline Content -->\n\n<\/div>\n<!-- End Timeline Block -->\n\n<div class=\"cd-timeline-block july 01 2014 announcement-649\">\n\n\t\n\t\t<a class=\"cd-timeline-icon-link\" href=\"https:\/\/juliakrantz.com.br\/en\/announcement\/dsgn-campo-belo\/\">\n\n\t\t\t\n\t\t<div class=\"cd-timeline-img cd-picture\" style=\"background:#000000;\">\n\n\t\t\t<!-- Custom Action Hook -->\n\t\t\t\n\t\t\t\t<!-- Standard Font Awesome Icon -->\n\t\t\t\t<span class=\"fa fa-circle-thin\" title=\"Dsgn Campo Belo\"><\/span>\n\n\t\t\t\n\t\t<\/div> <!-- cd-timeline-img -->\n\n\t\n\t\t<\/a>\n\n\t\t\n\t<!-- Timeline Content -->\n\t<div class=\"cd-timeline-content\">\n\n\t\t\n\t\t<!-- Announcement Title -->\n\t\t<div class=\"cd-timeline-title-container\">\n\n\t\t\t\n\t\t\t<h2 class=\"cd-timeline-item-title\">\n\t\t\t\tDsgn Campo Belo\t\t\t<\/h2>\n\n\t\t\t\t\t\t\t<p class=\"timeline-date\">\n\t\t\t\t\t1 de July de 2014\t\t\t\t<\/p>\n\t\t\t\t\t\t<\/div>\n\t\t<!-- End Announcement Title -->\n\n\t\t<img width=\"160\" height=\"120\" src=\"https:\/\/juliakrantz.com.br\/wp-content\/uploads\/2015\/09\/AnuncioDsgnSimples297x520.jpg\" class=\"announcement-banner-image\" alt=\"Dsgn Campo Belo\" loading=\"lazy\" \/>\n\t\t<!-- Announcement Excerpt -->\n\t\t<div class=\"the-excerpt\">\n\t\t\t<p>Download<\/p>\n<a class=\"timeline-express-read-more-link\" href=\"https:\/\/juliakrantz.com.br\/en\/announcement\/dsgn-campo-belo\/\"> Read more<\/a>\t\t<\/div>\n\t\t<!-- End Announcement Excerpt -->\n\n\t\t\n\t<\/div>\n\t<!-- End Timeline Content -->\n\n<\/div>\n<!-- End Timeline Block -->\n\n<div class=\"cd-timeline-block december 24 2013 announcement-694\">\n\n\t\n\t\t<a class=\"cd-timeline-icon-link\" href=\"https:\/\/juliakrantz.com.br\/en\/announcement\/livro-design-brasileiro-de-moveis\/\">\n\n\t\t\t\n\t\t<div class=\"cd-timeline-img cd-picture\" style=\"background:#000000;\">\n\n\t\t\t<!-- Custom Action Hook -->\n\t\t\t\n\t\t\t\t<!-- Standard Font Awesome Icon -->\n\t\t\t\t<span class=\"fa fa-book\" title=\"Livro Design Brasileiro de M\u00f3veis\"><\/span>\n\n\t\t\t\n\t\t<\/div> <!-- cd-timeline-img -->\n\n\t\n\t\t<\/a>\n\n\t\t\n\t<!-- Timeline Content -->\n\t<div class=\"cd-timeline-content\">\n\n\t\t\n\t\t<!-- Announcement Title -->\n\t\t<div class=\"cd-timeline-title-container\">\n\n\t\t\t\n\t\t\t<h2 class=\"cd-timeline-item-title\">\n\t\t\t\tLivro Design Brasileiro de M\u00f3veis\t\t\t<\/h2>\n\n\t\t\t\t\t\t\t<p class=\"timeline-date\">\n\t\t\t\t\t24 de December de 2013\t\t\t\t<\/p>\n\t\t\t\t\t\t<\/div>\n\t\t<!-- End Announcement Title -->\n\n\t\t<img width=\"300\" height=\"120\" src=\"https:\/\/juliakrantz.com.br\/wp-content\/uploads\/2015\/09\/design-brasileiro-de-moveis-300x120.jpg\" class=\"announcement-banner-image\" alt=\"Livro Design Brasileiro de M\u00f3veis\" loading=\"lazy\" \/>\n\t\t<!-- Announcement Excerpt -->\n\t\t<div class=\"the-excerpt\">\n\t\t\t<p>Link<\/p>\n<a class=\"timeline-express-read-more-link\" href=\"https:\/\/juliakrantz.com.br\/en\/announcement\/livro-design-brasileiro-de-moveis\/\"> Read more<\/a>\t\t<\/div>\n\t\t<!-- End Announcement Excerpt -->\n\n\t\t\n\t<\/div>\n\t<!-- End Timeline Content -->\n\n<\/div>\n<!-- End Timeline Block -->\n\n<div class=\"cd-timeline-block october 24 2013 announcement-686\">\n\n\t\n\t\t<a class=\"cd-timeline-icon-link\" href=\"https:\/\/juliakrantz.com.br\/en\/announcement\/movel-brasileiro-contemporaneo\/\">\n\n\t\t\t\n\t\t<div class=\"cd-timeline-img cd-picture\" style=\"background:#000000;\">\n\n\t\t\t<!-- Custom Action Hook -->\n\t\t\t\n\t\t\t\t<!-- Standard Font Awesome Icon -->\n\t\t\t\t<span class=\"fa -1\" title=\"M\u00f3vel Brasileiro Contempor\u00e2neo\"><\/span>\n\n\t\t\t\n\t\t<\/div> <!-- cd-timeline-img -->\n\n\t\n\t\t<\/a>\n\n\t\t\n\t<!-- Timeline Content -->\n\t<div class=\"cd-timeline-content\">\n\n\t\t\n\t\t<!-- Announcement Title -->\n\t\t<div class=\"cd-timeline-title-container\">\n\n\t\t\t\n\t\t\t<h2 class=\"cd-timeline-item-title\">\n\t\t\t\tM\u00f3vel Brasileiro Contempor\u00e2neo\t\t\t<\/h2>\n\n\t\t\t\t\t\t\t<p class=\"timeline-date\">\n\t\t\t\t\t24 de October de 2013\t\t\t\t<\/p>\n\t\t\t\t\t\t<\/div>\n\t\t<!-- End Announcement Title -->\n\n\t\t<img width=\"350\" height=\"120\" src=\"https:\/\/juliakrantz.com.br\/wp-content\/uploads\/2015\/09\/Movel-Brasileiro-Contemporaneo-10-2013-350x120.jpg\" class=\"announcement-banner-image\" alt=\"M\u00f3vel Brasileiro Contempor\u00e2neo\" loading=\"lazy\" \/>\n\t\t<!-- Announcement Excerpt -->\n\t\t<div class=\"the-excerpt\">\n\t\t\t<a class=\"timeline-express-read-more-link\" href=\"https:\/\/juliakrantz.com.br\/en\/announcement\/movel-brasileiro-contemporaneo\/\"> Read more<\/a>\t\t<\/div>\n\t\t<!-- End Announcement Excerpt -->\n\n\t\t\n\t<\/div>\n\t<!-- End Timeline Content -->\n\n<\/div>\n<!-- End Timeline Block -->\n\n<div class=\"cd-timeline-block april 24 2013 announcement-692\">\n\n\t\n\t\t<a class=\"cd-timeline-icon-link\" href=\"https:\/\/juliakrantz.com.br\/en\/announcement\/priloha-id-latino\/\">\n\n\t\t\t\n\t\t<div class=\"cd-timeline-img cd-picture\" style=\"background:#000000;\">\n\n\t\t\t<!-- Custom Action Hook -->\n\t\t\t\n\t\t\t\t<!-- Standard Font Awesome Icon -->\n\t\t\t\t<span class=\"fa fa-circle-thin\" title=\"PRILOHA iD Latino\"><\/span>\n\n\t\t\t\n\t\t<\/div> <!-- cd-timeline-img -->\n\n\t\n\t\t<\/a>\n\n\t\t\n\t<!-- Timeline Content -->\n\t<div class=\"cd-timeline-content\">\n\n\t\t\n\t\t<!-- Announcement Title -->\n\t\t<div class=\"cd-timeline-title-container\">\n\n\t\t\t\n\t\t\t<h2 class=\"cd-timeline-item-title\">\n\t\t\t\tPRILOHA iD Latino\t\t\t<\/h2>\n\n\t\t\t\t\t\t\t<p class=\"timeline-date\">\n\t\t\t\t\t24 de April de 2013\t\t\t\t<\/p>\n\t\t\t\t\t\t<\/div>\n\t\t<!-- End Announcement Title -->\n\n\t\t<img width=\"350\" height=\"120\" src=\"https:\/\/juliakrantz.com.br\/wp-content\/uploads\/2015\/09\/PRILOHA_iD-Latino-350x120.jpg\" class=\"announcement-banner-image\" alt=\"PRILOHA iD Latino\" loading=\"lazy\" \/>\n\t\t<!-- Announcement Excerpt -->\n\t\t<div class=\"the-excerpt\">\n\t\t\t<p>Link<\/p>\n<a class=\"timeline-express-read-more-link\" href=\"https:\/\/juliakrantz.com.br\/en\/announcement\/priloha-id-latino\/\"> Read more<\/a>\t\t<\/div>\n\t\t<!-- End Announcement Excerpt -->\n\n\t\t\n\t<\/div>\n\t<!-- End Timeline Content -->\n\n<\/div>\n<!-- End Timeline Block -->\n\n\t\t\t<\/section>\n\n\t\t\t<!-- Timeline Express Free v1.8.1 | Site: https:\/\/www.wp-timelineexpress.com | Author: CodeParrots - http:\/\/www.codeparrots.com --><\/div>","protected":false},"excerpt":{"rendered":"","protected":false},"author":1,"featured_media":0,"parent":0,"menu_order":0,"comment_status":"closed","ping_status":"closed","template":"","meta":{"_vp_format_video_url":"","_vp_image_focal_point":[]},"acf":[],"yoast_head":"<!-- This site is optimized with the Yoast SEO plugin v20.13 - https:\/\/yoast.com\/wordpress\/plugins\/seo\/ -->\n<title>Clipping - Ateli\u00ea Julia Krantz<\/title>\n<meta name=\"description\" content=\"o Clipping do Ateli\u00ea Julia Krantz, mostra mat\u00e9rias e entrevistas com J\u00falia Krantz\" \/>\n<meta name=\"robots\" content=\"index, follow, max-snippet:-1, max-image-preview:large, max-video-preview:-1\" \/>\n<link rel=\"canonical\" href=\"https:\/\/juliakrantz.com.br\/en\/clipping\/\" \/>\n<meta property=\"og:locale\" content=\"en_GB\" \/>\n<meta property=\"og:type\" content=\"article\" \/>\n<meta property=\"og:title\" content=\"Clipping - Ateli\u00ea Julia Krantz\" \/>\n<meta property=\"og:description\" content=\"o Clipping do Ateli\u00ea Julia Krantz, mostra mat\u00e9rias e entrevistas com J\u00falia Krantz\" \/>\n<meta property=\"og:url\" content=\"https:\/\/juliakrantz.com.br\/en\/clipping\/\" \/>\n<meta property=\"og:site_name\" content=\"Ateli\u00ea Julia Krantz\" \/>\n<meta property=\"article:publisher\" content=\"https:\/\/www.facebook.com\/ateliejuliakrantz\/\" \/>\n<meta property=\"article:modified_time\" content=\"2023-08-19T02:06:03+00:00\" \/>\n<meta name=\"twitter:card\" content=\"summary_large_image\" \/>\n<meta name=\"twitter:label1\" content=\"Estimated reading time\" \/>\n\t<meta name=\"twitter:data1\" content=\"1 minute\" \/>\n<script type=\"application\/ld+json\" class=\"yoast-schema-graph\">{\"@context\":\"https:\/\/schema.org\",\"@graph\":[{\"@type\":\"WebPage\",\"@id\":\"https:\/\/juliakrantz.com.br\/clipping\/\",\"url\":\"https:\/\/juliakrantz.com.br\/clipping\/\",\"name\":\"Clipping - Ateli\u00ea Julia Krantz\",\"isPartOf\":{\"@id\":\"https:\/\/juliakrantz.com.br\/#website\"},\"datePublished\":\"2015-09-14T16:12:21+00:00\",\"dateModified\":\"2023-08-19T02:06:03+00:00\",\"description\":\"o Clipping do Ateli\u00ea Julia Krantz, mostra mat\u00e9rias e entrevistas com J\u00falia Krantz\",\"breadcrumb\":{\"@id\":\"https:\/\/juliakrantz.com.br\/clipping\/#breadcrumb\"},\"inLanguage\":\"en-GB\",\"potentialAction\":[{\"@type\":\"ReadAction\",\"target\":[\"https:\/\/juliakrantz.com.br\/clipping\/\"]}]},{\"@type\":\"BreadcrumbList\",\"@id\":\"https:\/\/juliakrantz.com.br\/clipping\/#breadcrumb\",\"itemListElement\":[{\"@type\":\"ListItem\",\"position\":1,\"name\":\"In\u00edcio\",\"item\":\"https:\/\/juliakrantz.com.br\/\"},{\"@type\":\"ListItem\",\"position\":2,\"name\":\"Clipping\"}]},{\"@type\":\"WebSite\",\"@id\":\"https:\/\/juliakrantz.com.br\/#website\",\"url\":\"https:\/\/juliakrantz.com.br\/\",\"name\":\"Ateli\u00ea Julia Krantz\",\"description\":\"\",\"publisher\":{\"@id\":\"https:\/\/juliakrantz.com.br\/#organization\"},\"potentialAction\":[{\"@type\":\"SearchAction\",\"target\":{\"@type\":\"EntryPoint\",\"urlTemplate\":\"https:\/\/juliakrantz.com.br\/?s={search_term_string}\"},\"query-input\":\"required name=search_term_string\"}],\"inLanguage\":\"en-GB\"},{\"@type\":\"Organization\",\"@id\":\"https:\/\/juliakrantz.com.br\/#organization\",\"name\":\"Ateli\u00ea Julia Krantz\",\"url\":\"https:\/\/juliakrantz.com.br\/\",\"logo\":{\"@type\":\"ImageObject\",\"inLanguage\":\"en-GB\",\"@id\":\"https:\/\/juliakrantz.com.br\/#\/schema\/logo\/image\/\",\"url\":\"https:\/\/juliakrantz.com.br\/wp-content\/uploads\/2015\/08\/cropped-cropped-cropped-cropped-cropped-logo-Julia-Krantz-2.png\",\"contentUrl\":\"https:\/\/juliakrantz.com.br\/wp-content\/uploads\/2015\/08\/cropped-cropped-cropped-cropped-cropped-logo-Julia-Krantz-2.png\",\"width\":150,\"height\":254,\"caption\":\"Ateli\u00ea Julia Krantz\"},\"image\":{\"@id\":\"https:\/\/juliakrantz.com.br\/#\/schema\/logo\/image\/\"},\"sameAs\":[\"https:\/\/www.facebook.com\/ateliejuliakrantz\/\",\"https:\/\/www.linkedin.com\/in\/julia-krantz\/\",\"https:\/\/www.instagram.com\/ateliejuliakrantz\/\"]}]}<\/script>\n<!-- \/ Yoast SEO plugin. -->","yoast_head_json":{"title":"Clipping - Ateli\u00ea Julia Krantz","description":"o Clipping do Ateli\u00ea Julia Krantz, mostra mat\u00e9rias e entrevistas com J\u00falia Krantz","robots":{"index":"index","follow":"follow","max-snippet":"max-snippet:-1","max-image-preview":"max-image-preview:large","max-video-preview":"max-video-preview:-1"},"canonical":"https:\/\/juliakrantz.com.br\/en\/clipping\/","og_locale":"en_GB","og_type":"article","og_title":"Clipping - Ateli\u00ea Julia Krantz","og_description":"o Clipping do Ateli\u00ea Julia Krantz, mostra mat\u00e9rias e entrevistas com J\u00falia Krantz","og_url":"https:\/\/juliakrantz.com.br\/en\/clipping\/","og_site_name":"Ateli\u00ea Julia Krantz","article_publisher":"https:\/\/www.facebook.com\/ateliejuliakrantz\/","article_modified_time":"2023-08-19T02:06:03+00:00","twitter_card":"summary_large_image","twitter_misc":{"Estimated reading time":"1 minute"},"schema":{"@context":"https:\/\/schema.org","@graph":[{"@type":"WebPage","@id":"https:\/\/juliakrantz.com.br\/clipping\/","url":"https:\/\/juliakrantz.com.br\/clipping\/","name":"Clipping - Ateli\u00ea Julia Krantz","isPartOf":{"@id":"https:\/\/juliakrantz.com.br\/#website"},"datePublished":"2015-09-14T16:12:21+00:00","dateModified":"2023-08-19T02:06:03+00:00","description":"o Clipping do Ateli\u00ea Julia Krantz, mostra mat\u00e9rias e entrevistas com J\u00falia Krantz","breadcrumb":{"@id":"https:\/\/juliakrantz.com.br\/clipping\/#breadcrumb"},"inLanguage":"en-GB","potentialAction":[{"@type":"ReadAction","target":["https:\/\/juliakrantz.com.br\/clipping\/"]}]},{"@type":"BreadcrumbList","@id":"https:\/\/juliakrantz.com.br\/clipping\/#breadcrumb","itemListElement":[{"@type":"ListItem","position":1,"name":"In\u00edcio","item":"https:\/\/juliakrantz.com.br\/"},{"@type":"ListItem","position":2,"name":"Clipping"}]},{"@type":"WebSite","@id":"https:\/\/juliakrantz.com.br\/#website","url":"https:\/\/juliakrantz.com.br\/","name":"Ateli\u00ea Julia Krantz","description":"","publisher":{"@id":"https:\/\/juliakrantz.com.br\/#organization"},"potentialAction":[{"@type":"SearchAction","target":{"@type":"EntryPoint","urlTemplate":"https:\/\/juliakrantz.com.br\/?s={search_term_string}"},"query-input":"required name=search_term_string"}],"inLanguage":"en-GB"},{"@type":"Organization","@id":"https:\/\/juliakrantz.com.br\/#organization","name":"Ateli\u00ea Julia Krantz","url":"https:\/\/juliakrantz.com.br\/","logo":{"@type":"ImageObject","inLanguage":"en-GB","@id":"https:\/\/juliakrantz.com.br\/#\/schema\/logo\/image\/","url":"https:\/\/juliakrantz.com.br\/wp-content\/uploads\/2015\/08\/cropped-cropped-cropped-cropped-cropped-logo-Julia-Krantz-2.png","contentUrl":"https:\/\/juliakrantz.com.br\/wp-content\/uploads\/2015\/08\/cropped-cropped-cropped-cropped-cropped-logo-Julia-Krantz-2.png","width":150,"height":254,"caption":"Ateli\u00ea Julia Krantz"},"image":{"@id":"https:\/\/juliakrantz.com.br\/#\/schema\/logo\/image\/"},"sameAs":["https:\/\/www.facebook.com\/ateliejuliakrantz\/","https:\/\/www.linkedin.com\/in\/julia-krantz\/","https:\/\/www.instagram.com\/ateliejuliakrantz\/"]}]}},"_links":{"self":[{"href":"https:\/\/juliakrantz.com.br\/en\/wp-json\/wp\/v2\/pages\/386"}],"collection":[{"href":"https:\/\/juliakrantz.com.br\/en\/wp-json\/wp\/v2\/pages"}],"about":[{"href":"https:\/\/juliakrantz.com.br\/en\/wp-json\/wp\/v2\/types\/page"}],"author":[{"embeddable":true,"href":"https:\/\/juliakrantz.com.br\/en\/wp-json\/wp\/v2\/users\/1"}],"replies":[{"embeddable":true,"href":"https:\/\/juliakrantz.com.br\/en\/wp-json\/wp\/v2\/comments?post=386"}],"version-history":[{"count":32,"href":"https:\/\/juliakrantz.com.br\/en\/wp-json\/wp\/v2\/pages\/386\/revisions"}],"predecessor-version":[{"id":1086,"href":"https:\/\/juliakrantz.com.br\/en\/wp-json\/wp\/v2\/pages\/386\/revisions\/1086"}],"wp:attachment":[{"href":"https:\/\/juliakrantz.com.br\/en\/wp-json\/wp\/v2\/media?parent=386"}],"curies":[{"name":"wp","href":"https:\/\/api.w.org\/{rel}","templated":true}]}}