{"id":32,"date":"2015-04-27T16:15:49","date_gmt":"2015-04-27T16:15:49","guid":{"rendered":"http:\/\/tommusrhodus.wpengine.com\/?page_id=32"},"modified":"2023-08-19T02:11:16","modified_gmt":"2023-08-19T02:11:16","slug":"pecas","status":"publish","type":"page","link":"https:\/\/juliakrantz.com.br\/en\/pecas\/","title":{"rendered":""},"content":{"rendered":"<div class=\"wp-block-visual-portfolio alignwide\">\n<div class=\"vp-portfolio vp-uid-264dc9ff vp-id-Z2ooILF\"\n    data-vp-layout=\"masonry\" data-vp-content-source=\"post-based\" data-vp-items-style=\"fade\" data-vp-items-click-action=\"url\" data-vp-items-gap=\"15\" data-vp-items-gap-vertical=\"\" data-vp-pagination=\"infinite\" data-vp-next-page-url=\"https:\/\/juliakrantz.com.br\/en\/wp-json\/wp\/v2\/pages\/32?vp_page=2\" data-vp-masonry-columns=\"3\" >\n    <div class=\"vp-portfolio__preloader-wrap\">\n        <div class=\"vp-portfolio__preloader\">\n            <img decoding=\"async\" loading=\"eager\" src=\"https:\/\/juliakrantz.com.br\/wp-content\/plugins\/visual-portfolio\/assets\/images\/logo-dark.svg\" alt=\"Visual Portfolio, Posts &amp; Image Gallery for WordPress\" width=\"20\" height=\"20\" data-skip-lazy>\n        <\/div>\n    <\/div>\n        <div class=\"vp-portfolio__items-wrap\">\n            \n<div class=\"vp-portfolio__items vp-portfolio__items-style-fade vp-portfolio__items-show-overlay-hover\">\n\n        <article        class=\"vp-portfolio__item-wrap post-1610 portfolio type-portfolio status-publish format-standard has-post-thumbnail hentry portfolio_category-design portfolio_tag-chair portfolio_tag-design portfolio_tag-grude portfolio_tag-poltrona vp-portfolio__item-uid-e3f63a40\" data-vp-filter=\"design\"         >\n                                    <figure class=\"vp-portfolio__item\">\n                \n<div class=\"vp-portfolio__item-img-wrap\">\n    <div class=\"vp-portfolio__item-img\">\n            <a\n        href=\"https:\/\/juliakrantz.com.br\/en\/portfolio\/poltrona-grude-especial-espedito-seleiro\/\"\n            >\n    \n        <img decoding=\"async\" width=\"1920\" height=\"1282\" src=\"https:\/\/juliakrantz.com.br\/wp-content\/uploads\/2023\/08\/Grude-Espedito-Seleiro--1920x1282.jpg\" class=\"wp-image-1611\" alt=\"Poltrona Grude \u2013 especial Espedito Seleiro\" loading=\"lazy\" srcset=\"https:\/\/juliakrantz.com.br\/wp-content\/uploads\/2023\/08\/Grude-Espedito-Seleiro--1920x1282.jpg 1920w, https:\/\/juliakrantz.com.br\/wp-content\/uploads\/2023\/08\/Grude-Espedito-Seleiro--300x200.jpg 300w, https:\/\/juliakrantz.com.br\/wp-content\/uploads\/2023\/08\/Grude-Espedito-Seleiro--1024x684.jpg 1024w, https:\/\/juliakrantz.com.br\/wp-content\/uploads\/2023\/08\/Grude-Espedito-Seleiro--768x513.jpg 768w, https:\/\/juliakrantz.com.br\/wp-content\/uploads\/2023\/08\/Grude-Espedito-Seleiro--1536x1025.jpg 1536w, https:\/\/juliakrantz.com.br\/wp-content\/uploads\/2023\/08\/Grude-Espedito-Seleiro--500x334.jpg 500w, https:\/\/juliakrantz.com.br\/wp-content\/uploads\/2023\/08\/Grude-Espedito-Seleiro--800x534.jpg 800w, https:\/\/juliakrantz.com.br\/wp-content\/uploads\/2023\/08\/Grude-Espedito-Seleiro--1280x854.jpg 1280w, https:\/\/juliakrantz.com.br\/wp-content\/uploads\/2023\/08\/Grude-Espedito-Seleiro--1080x721.jpg 1080w, https:\/\/juliakrantz.com.br\/wp-content\/uploads\/2023\/08\/Grude-Espedito-Seleiro-.jpg 2000w\" sizes=\"(max-width: 1920px) 100vw, 1920px\" \/>\n        <\/a>    <\/div>\n<\/div>\n\n<figcaption class=\"vp-portfolio__item-overlay vp-portfolio__item-overlay-text-align-center\">\n    <div class=\"vp-portfolio__item-meta-wrap vp-portfolio__custom-scrollbar\">\n            <a\n        href=\"https:\/\/juliakrantz.com.br\/en\/portfolio\/poltrona-grude-especial-espedito-seleiro\/\"\n        tabindex=\"-1\" class=\"vp-portfolio__item-meta\"     >\n    \n        \n<div class=\"vp-portfolio__item-meta-categories\">\n            <div class=\"vp-portfolio__item-meta-category\">\n                <span            >\n    Design<\/span>        <\/div>\n        <\/div>\n\n<h2 class=\"vp-portfolio__item-meta-title\">\n    Grude Chair<\/h2>\n\n        <\/a>    <\/div>\n<\/figcaption>\n            <\/figure>\n                    <\/article>\n        \n        <article        class=\"vp-portfolio__item-wrap post-1599 portfolio type-portfolio status-publish format-standard has-post-thumbnail hentry portfolio_category-design portfolio_tag-jua portfolio_tag-mesa vp-portfolio__item-uid-50b5b6b5\" data-vp-filter=\"design\"         >\n                                    <figure class=\"vp-portfolio__item\">\n                \n<div class=\"vp-portfolio__item-img-wrap\">\n    <div class=\"vp-portfolio__item-img\">\n            <a\n        href=\"https:\/\/juliakrantz.com.br\/en\/portfolio\/mesa-jua\/\"\n            >\n    \n        <img decoding=\"async\" width=\"1920\" height=\"1282\" src=\"https:\/\/juliakrantz.com.br\/wp-content\/uploads\/2023\/08\/Mesa-Jua-1920x1282.jpg\" class=\"wp-image-1608\" alt=\"Mesa Ju\u00e1\" loading=\"lazy\" srcset=\"https:\/\/juliakrantz.com.br\/wp-content\/uploads\/2023\/08\/Mesa-Jua-1920x1282.jpg 1920w, https:\/\/juliakrantz.com.br\/wp-content\/uploads\/2023\/08\/Mesa-Jua-300x200.jpg 300w, https:\/\/juliakrantz.com.br\/wp-content\/uploads\/2023\/08\/Mesa-Jua-1024x684.jpg 1024w, https:\/\/juliakrantz.com.br\/wp-content\/uploads\/2023\/08\/Mesa-Jua-768x513.jpg 768w, https:\/\/juliakrantz.com.br\/wp-content\/uploads\/2023\/08\/Mesa-Jua-1536x1025.jpg 1536w, https:\/\/juliakrantz.com.br\/wp-content\/uploads\/2023\/08\/Mesa-Jua-500x334.jpg 500w, https:\/\/juliakrantz.com.br\/wp-content\/uploads\/2023\/08\/Mesa-Jua-800x534.jpg 800w, https:\/\/juliakrantz.com.br\/wp-content\/uploads\/2023\/08\/Mesa-Jua-1280x854.jpg 1280w, https:\/\/juliakrantz.com.br\/wp-content\/uploads\/2023\/08\/Mesa-Jua-1080x721.jpg 1080w, https:\/\/juliakrantz.com.br\/wp-content\/uploads\/2023\/08\/Mesa-Jua.jpg 2000w\" sizes=\"(max-width: 1920px) 100vw, 1920px\" \/>\n        <\/a>    <\/div>\n<\/div>\n\n<figcaption class=\"vp-portfolio__item-overlay vp-portfolio__item-overlay-text-align-center\">\n    <div class=\"vp-portfolio__item-meta-wrap vp-portfolio__custom-scrollbar\">\n            <a\n        href=\"https:\/\/juliakrantz.com.br\/en\/portfolio\/mesa-jua\/\"\n        tabindex=\"-1\" class=\"vp-portfolio__item-meta\"     >\n    \n        \n<div class=\"vp-portfolio__item-meta-categories\">\n            <div class=\"vp-portfolio__item-meta-category\">\n                <span            >\n    Design<\/span>        <\/div>\n        <\/div>\n\n<h2 class=\"vp-portfolio__item-meta-title\">\n    Ju\u00e1<\/h2>\n\n        <\/a>    <\/div>\n<\/figcaption>\n            <\/figure>\n                    <\/article>\n        \n        <article        class=\"vp-portfolio__item-wrap post-1590 portfolio type-portfolio status-publish format-standard has-post-thumbnail hentry portfolio_category-escultura portfolio_tag-amonita portfolio_tag-ver-usar vp-portfolio__item-uid-29690e11\" data-vp-filter=\"escultura\"         >\n                                    <figure class=\"vp-portfolio__item\">\n                \n<div class=\"vp-portfolio__item-img-wrap\">\n    <div class=\"vp-portfolio__item-img\">\n            <a\n        href=\"https:\/\/juliakrantz.com.br\/en\/portfolio\/amonita\/\"\n            >\n    \n        <img decoding=\"async\" width=\"1920\" height=\"1282\" src=\"https:\/\/juliakrantz.com.br\/wp-content\/uploads\/2023\/08\/Amonita-1920x1282.jpg\" class=\"wp-image-1596\" alt=\"Amonita\" loading=\"lazy\" srcset=\"https:\/\/juliakrantz.com.br\/wp-content\/uploads\/2023\/08\/Amonita-1920x1282.jpg 1920w, https:\/\/juliakrantz.com.br\/wp-content\/uploads\/2023\/08\/Amonita-300x200.jpg 300w, https:\/\/juliakrantz.com.br\/wp-content\/uploads\/2023\/08\/Amonita-1024x684.jpg 1024w, https:\/\/juliakrantz.com.br\/wp-content\/uploads\/2023\/08\/Amonita-768x513.jpg 768w, https:\/\/juliakrantz.com.br\/wp-content\/uploads\/2023\/08\/Amonita-1536x1025.jpg 1536w, https:\/\/juliakrantz.com.br\/wp-content\/uploads\/2023\/08\/Amonita-500x334.jpg 500w, https:\/\/juliakrantz.com.br\/wp-content\/uploads\/2023\/08\/Amonita-800x534.jpg 800w, https:\/\/juliakrantz.com.br\/wp-content\/uploads\/2023\/08\/Amonita-1280x854.jpg 1280w, https:\/\/juliakrantz.com.br\/wp-content\/uploads\/2023\/08\/Amonita-1080x721.jpg 1080w, https:\/\/juliakrantz.com.br\/wp-content\/uploads\/2023\/08\/Amonita.jpg 2000w\" sizes=\"(max-width: 1920px) 100vw, 1920px\" \/>\n        <\/a>    <\/div>\n<\/div>\n\n<figcaption class=\"vp-portfolio__item-overlay vp-portfolio__item-overlay-text-align-center\">\n    <div class=\"vp-portfolio__item-meta-wrap vp-portfolio__custom-scrollbar\">\n            <a\n        href=\"https:\/\/juliakrantz.com.br\/en\/portfolio\/amonita\/\"\n        tabindex=\"-1\" class=\"vp-portfolio__item-meta\"     >\n    \n        \n<div class=\"vp-portfolio__item-meta-categories\">\n            <div class=\"vp-portfolio__item-meta-category\">\n                <span            >\n    Sculptures<\/span>        <\/div>\n        <\/div>\n\n<h2 class=\"vp-portfolio__item-meta-title\">\n    Ammonites<\/h2>\n\n        <\/a>    <\/div>\n<\/figcaption>\n            <\/figure>\n                    <\/article>\n        \n        <article        class=\"vp-portfolio__item-wrap post-1577 portfolio type-portfolio status-publish format-standard has-post-thumbnail hentry portfolio_category-design portfolio_tag-batllo portfolio_tag-guardar vp-portfolio__item-uid-298eb63c\" data-vp-filter=\"design\"         >\n                                    <figure class=\"vp-portfolio__item\">\n                \n<div class=\"vp-portfolio__item-img-wrap\">\n    <div class=\"vp-portfolio__item-img\">\n            <a\n        href=\"https:\/\/juliakrantz.com.br\/en\/portfolio\/batllo\/\"\n            >\n    \n        <img decoding=\"async\" width=\"1920\" height=\"1282\" src=\"https:\/\/juliakrantz.com.br\/wp-content\/uploads\/2023\/08\/Battlo-1920x1282.jpg\" class=\"wp-image-1587\" alt=\"Batll\u00f3\" loading=\"lazy\" srcset=\"https:\/\/juliakrantz.com.br\/wp-content\/uploads\/2023\/08\/Battlo-1920x1282.jpg 1920w, https:\/\/juliakrantz.com.br\/wp-content\/uploads\/2023\/08\/Battlo-300x200.jpg 300w, https:\/\/juliakrantz.com.br\/wp-content\/uploads\/2023\/08\/Battlo-1024x684.jpg 1024w, https:\/\/juliakrantz.com.br\/wp-content\/uploads\/2023\/08\/Battlo-768x513.jpg 768w, https:\/\/juliakrantz.com.br\/wp-content\/uploads\/2023\/08\/Battlo-1536x1025.jpg 1536w, https:\/\/juliakrantz.com.br\/wp-content\/uploads\/2023\/08\/Battlo-500x334.jpg 500w, https:\/\/juliakrantz.com.br\/wp-content\/uploads\/2023\/08\/Battlo-800x534.jpg 800w, https:\/\/juliakrantz.com.br\/wp-content\/uploads\/2023\/08\/Battlo-1280x854.jpg 1280w, https:\/\/juliakrantz.com.br\/wp-content\/uploads\/2023\/08\/Battlo-1080x721.jpg 1080w, https:\/\/juliakrantz.com.br\/wp-content\/uploads\/2023\/08\/Battlo.jpg 2000w\" sizes=\"(max-width: 1920px) 100vw, 1920px\" \/>\n        <\/a>    <\/div>\n<\/div>\n\n<figcaption class=\"vp-portfolio__item-overlay vp-portfolio__item-overlay-text-align-center\">\n    <div class=\"vp-portfolio__item-meta-wrap vp-portfolio__custom-scrollbar\">\n            <a\n        href=\"https:\/\/juliakrantz.com.br\/en\/portfolio\/batllo\/\"\n        tabindex=\"-1\" class=\"vp-portfolio__item-meta\"     >\n    \n        \n<div class=\"vp-portfolio__item-meta-categories\">\n            <div class=\"vp-portfolio__item-meta-category\">\n                <span            >\n    Design<\/span>        <\/div>\n        <\/div>\n\n<h2 class=\"vp-portfolio__item-meta-title\">\n    Batll\u00f3<\/h2>\n\n        <\/a>    <\/div>\n<\/figcaption>\n            <\/figure>\n                    <\/article>\n        \n        <article        class=\"vp-portfolio__item-wrap post-1566 portfolio type-portfolio status-publish format-standard has-post-thumbnail hentry portfolio_category-design portfolio_tag-mesa portfolio_tag-comer-trabalhar portfolio_tag-tatare vp-portfolio__item-uid-4792b7eb\" data-vp-filter=\"design\"         >\n                                    <figure class=\"vp-portfolio__item\">\n                \n<div class=\"vp-portfolio__item-img-wrap\">\n    <div class=\"vp-portfolio__item-img\">\n            <a\n        href=\"https:\/\/juliakrantz.com.br\/en\/portfolio\/mesa-tatare\/\"\n            >\n    \n        <img decoding=\"async\" width=\"1920\" height=\"1282\" src=\"https:\/\/juliakrantz.com.br\/wp-content\/uploads\/2023\/08\/Mesa-Tatare-1920x1282.jpg\" class=\"wp-image-1574\" alt=\"Mesa Tatar\u00e9\" loading=\"lazy\" srcset=\"https:\/\/juliakrantz.com.br\/wp-content\/uploads\/2023\/08\/Mesa-Tatare-1920x1282.jpg 1920w, https:\/\/juliakrantz.com.br\/wp-content\/uploads\/2023\/08\/Mesa-Tatare-300x200.jpg 300w, https:\/\/juliakrantz.com.br\/wp-content\/uploads\/2023\/08\/Mesa-Tatare-1024x684.jpg 1024w, https:\/\/juliakrantz.com.br\/wp-content\/uploads\/2023\/08\/Mesa-Tatare-768x513.jpg 768w, https:\/\/juliakrantz.com.br\/wp-content\/uploads\/2023\/08\/Mesa-Tatare-1536x1025.jpg 1536w, https:\/\/juliakrantz.com.br\/wp-content\/uploads\/2023\/08\/Mesa-Tatare-500x334.jpg 500w, https:\/\/juliakrantz.com.br\/wp-content\/uploads\/2023\/08\/Mesa-Tatare-800x534.jpg 800w, https:\/\/juliakrantz.com.br\/wp-content\/uploads\/2023\/08\/Mesa-Tatare-1280x854.jpg 1280w, https:\/\/juliakrantz.com.br\/wp-content\/uploads\/2023\/08\/Mesa-Tatare-1080x721.jpg 1080w, https:\/\/juliakrantz.com.br\/wp-content\/uploads\/2023\/08\/Mesa-Tatare.jpg 2000w\" sizes=\"(max-width: 1920px) 100vw, 1920px\" \/>\n        <\/a>    <\/div>\n<\/div>\n\n<figcaption class=\"vp-portfolio__item-overlay vp-portfolio__item-overlay-text-align-center\">\n    <div class=\"vp-portfolio__item-meta-wrap vp-portfolio__custom-scrollbar\">\n            <a\n        href=\"https:\/\/juliakrantz.com.br\/en\/portfolio\/mesa-tatare\/\"\n        tabindex=\"-1\" class=\"vp-portfolio__item-meta\"     >\n    \n        \n<div class=\"vp-portfolio__item-meta-categories\">\n            <div class=\"vp-portfolio__item-meta-category\">\n                <span            >\n    Design<\/span>        <\/div>\n        <\/div>\n\n<h2 class=\"vp-portfolio__item-meta-title\">\n    Tatar\u00e9<\/h2>\n\n        <\/a>    <\/div>\n<\/figcaption>\n            <\/figure>\n                    <\/article>\n        \n        <article        class=\"vp-portfolio__item-wrap post-1556 portfolio type-portfolio status-publish format-standard has-post-thumbnail hentry portfolio_category-design portfolio_tag-jubai portfolio_tag-mesa portfolio_tag-comer-trabalhar vp-portfolio__item-uid-6cbfe428\" data-vp-filter=\"design\"         >\n                                    <figure class=\"vp-portfolio__item\">\n                \n<div class=\"vp-portfolio__item-img-wrap\">\n    <div class=\"vp-portfolio__item-img\">\n            <a\n        href=\"https:\/\/juliakrantz.com.br\/en\/portfolio\/mesa-jubai\/\"\n            >\n    \n        <img decoding=\"async\" width=\"1920\" height=\"1282\" src=\"https:\/\/juliakrantz.com.br\/wp-content\/uploads\/2023\/08\/Mesa-Jubai-1920x1282.jpg\" class=\"wp-image-1563\" alt=\"Mesa Juba\u00ed\" loading=\"lazy\" srcset=\"https:\/\/juliakrantz.com.br\/wp-content\/uploads\/2023\/08\/Mesa-Jubai-1920x1282.jpg 1920w, https:\/\/juliakrantz.com.br\/wp-content\/uploads\/2023\/08\/Mesa-Jubai-300x200.jpg 300w, https:\/\/juliakrantz.com.br\/wp-content\/uploads\/2023\/08\/Mesa-Jubai-1024x684.jpg 1024w, https:\/\/juliakrantz.com.br\/wp-content\/uploads\/2023\/08\/Mesa-Jubai-768x513.jpg 768w, https:\/\/juliakrantz.com.br\/wp-content\/uploads\/2023\/08\/Mesa-Jubai-1536x1025.jpg 1536w, https:\/\/juliakrantz.com.br\/wp-content\/uploads\/2023\/08\/Mesa-Jubai-500x334.jpg 500w, https:\/\/juliakrantz.com.br\/wp-content\/uploads\/2023\/08\/Mesa-Jubai-800x534.jpg 800w, https:\/\/juliakrantz.com.br\/wp-content\/uploads\/2023\/08\/Mesa-Jubai-1280x854.jpg 1280w, https:\/\/juliakrantz.com.br\/wp-content\/uploads\/2023\/08\/Mesa-Jubai-1080x721.jpg 1080w, https:\/\/juliakrantz.com.br\/wp-content\/uploads\/2023\/08\/Mesa-Jubai.jpg 2000w\" sizes=\"(max-width: 1920px) 100vw, 1920px\" \/>\n        <\/a>    <\/div>\n<\/div>\n\n<figcaption class=\"vp-portfolio__item-overlay vp-portfolio__item-overlay-text-align-center\">\n    <div class=\"vp-portfolio__item-meta-wrap vp-portfolio__custom-scrollbar\">\n            <a\n        href=\"https:\/\/juliakrantz.com.br\/en\/portfolio\/mesa-jubai\/\"\n        tabindex=\"-1\" class=\"vp-portfolio__item-meta\"     >\n    \n        \n<div class=\"vp-portfolio__item-meta-categories\">\n            <div class=\"vp-portfolio__item-meta-category\">\n                <span            >\n    Design<\/span>        <\/div>\n        <\/div>\n\n<h2 class=\"vp-portfolio__item-meta-title\">\n    Mesa Juba\u00ed<\/h2>\n\n        <\/a>    <\/div>\n<\/figcaption>\n            <\/figure>\n                    <\/article>\n        \n<\/div>\n        <\/div>\n                <div class=\"vp-portfolio__layout-elements vp-portfolio__layout-elements-bottom vp-portfolio__layout-elements-align-center\">\n                <div class=\"vp-portfolio__pagination-wrap\">\n        \n<div class=\"vp-pagination vp-pagination__style-minimal\" data-vp-pagination-type=\"infinite\">\n    <div class=\"vp-pagination__item\">\n        <a class=\"vp-pagination__load-more\" href=\"https:\/\/juliakrantz.com.br\/en\/wp-json\/wp\/v2\/pages\/32?vp_page=2\">\n            <span>load more<\/span>\n            <span class=\"vp-pagination__load-more-loading\"><span class=\"vp-spinner\"><\/span><span class=\"vp-screen-reader-text\"> loading...<\/span><\/span>\n            <span class=\"vp-pagination__load-more-no-more\"><\/span>\n        <\/a>\n    <\/div>\n<\/div>\n        <\/div>\n                <\/div>\n        \n<\/div>\n<\/div>\n\n\n<p class=\"has-primary-color has-text-color\" style=\"font-size:12px\"><strong><img decoding=\"async\" loading=\"lazy\" width=\"80\" height=\"130\" class=\"wp-image-1145\" style=\"width: 25px;\" src=\"http:\/\/juliakrantz.com.br\/wp-content\/uploads\/2021\/04\/icone-80.png\" alt=\"\"> <\/strong><br><strong>Ateli\u00ea Julia Krantz<br><\/strong>Rua Coriolano, 71 | Vila Romana<br>05047-000 | S\u00e3o Paulo | Brasil<br><a rel=\"noreferrer noopener\" href=\"mailto:juliakrantz@juliakrantz.com.br\" target=\"_blank\">juliakrantz@juliakrantz.com.br<\/a><br><a href=\"https:\/\/api.whatsapp.com\/send?phone=5511999831162\"><img decoding=\"async\" loading=\"lazy\" width=\"50\" height=\"50\" class=\"wp-image-1149\" style=\"width: 30px;\" src=\"http:\/\/juliakrantz.com.br\/wp-content\/uploads\/2021\/04\/whatsapp-1-e1619417358519.png\" alt=\"\"><\/a><\/p>\n\n\n\n<p><\/p>","protected":false},"excerpt":{"rendered":"","protected":false},"author":1,"featured_media":0,"parent":0,"menu_order":0,"comment_status":"closed","ping_status":"closed","template":"","meta":{"_vp_format_video_url":"","_vp_image_focal_point":[]},"acf":[],"yoast_head":"<!-- This site is optimized with the Yoast SEO plugin v20.13 - https:\/\/yoast.com\/wordpress\/plugins\/seo\/ -->\n<title>Pe\u00e7as do Ateli\u00ea JK - Ateli\u00ea Julia Krantz<\/title>\n<meta name=\"description\" content=\"As pe\u00e7as que comp\u00f5e os trabalhos do Ateli\u00ea Julia Krantz\" \/>\n<meta name=\"robots\" content=\"index, follow, max-snippet:-1, max-image-preview:large, max-video-preview:-1\" \/>\n<link rel=\"canonical\" href=\"https:\/\/juliakrantz.com.br\/en\/pecas\/\" \/>\n<meta property=\"og:locale\" content=\"en_GB\" \/>\n<meta property=\"og:type\" content=\"article\" \/>\n<meta property=\"og:title\" content=\"Pe\u00e7as do Ateli\u00ea JK - Ateli\u00ea Julia Krantz\" \/>\n<meta property=\"og:description\" content=\"As pe\u00e7as que comp\u00f5e os trabalhos do Ateli\u00ea Julia Krantz\" \/>\n<meta property=\"og:url\" content=\"https:\/\/juliakrantz.com.br\/en\/pecas\/\" \/>\n<meta property=\"og:site_name\" content=\"Ateli\u00ea Julia Krantz\" \/>\n<meta property=\"article:publisher\" content=\"https:\/\/www.facebook.com\/ateliejuliakrantz\/\" \/>\n<meta property=\"article:modified_time\" content=\"2023-08-19T02:11:16+00:00\" \/>\n<meta name=\"twitter:card\" content=\"summary_large_image\" \/>\n<script type=\"application\/ld+json\" class=\"yoast-schema-graph\">{\"@context\":\"https:\/\/schema.org\",\"@graph\":[{\"@type\":\"WebPage\",\"@id\":\"https:\/\/juliakrantz.com.br\/pecas\/\",\"url\":\"https:\/\/juliakrantz.com.br\/pecas\/\",\"name\":\"Pe\u00e7as do Ateli\u00ea JK - Ateli\u00ea Julia Krantz\",\"isPartOf\":{\"@id\":\"https:\/\/juliakrantz.com.br\/#website\"},\"datePublished\":\"2015-04-27T16:15:49+00:00\",\"dateModified\":\"2023-08-19T02:11:16+00:00\",\"description\":\"As pe\u00e7as que comp\u00f5e os trabalhos do Ateli\u00ea Julia Krantz\",\"breadcrumb\":{\"@id\":\"https:\/\/juliakrantz.com.br\/pecas\/#breadcrumb\"},\"inLanguage\":\"en-GB\",\"potentialAction\":[{\"@type\":\"ReadAction\",\"target\":[\"https:\/\/juliakrantz.com.br\/pecas\/\"]}]},{\"@type\":\"BreadcrumbList\",\"@id\":\"https:\/\/juliakrantz.com.br\/pecas\/#breadcrumb\",\"itemListElement\":[{\"@type\":\"ListItem\",\"position\":1,\"name\":\"In\u00edcio\",\"item\":\"https:\/\/juliakrantz.com.br\/\"},{\"@type\":\"ListItem\",\"position\":2,\"name\":\"Pe\u00e7as do Ateli\u00ea JK\"}]},{\"@type\":\"WebSite\",\"@id\":\"https:\/\/juliakrantz.com.br\/#website\",\"url\":\"https:\/\/juliakrantz.com.br\/\",\"name\":\"Ateli\u00ea Julia Krantz\",\"description\":\"\",\"publisher\":{\"@id\":\"https:\/\/juliakrantz.com.br\/#organization\"},\"potentialAction\":[{\"@type\":\"SearchAction\",\"target\":{\"@type\":\"EntryPoint\",\"urlTemplate\":\"https:\/\/juliakrantz.com.br\/?s={search_term_string}\"},\"query-input\":\"required name=search_term_string\"}],\"inLanguage\":\"en-GB\"},{\"@type\":\"Organization\",\"@id\":\"https:\/\/juliakrantz.com.br\/#organization\",\"name\":\"Ateli\u00ea Julia Krantz\",\"url\":\"https:\/\/juliakrantz.com.br\/\",\"logo\":{\"@type\":\"ImageObject\",\"inLanguage\":\"en-GB\",\"@id\":\"https:\/\/juliakrantz.com.br\/#\/schema\/logo\/image\/\",\"url\":\"https:\/\/juliakrantz.com.br\/wp-content\/uploads\/2015\/08\/cropped-cropped-cropped-cropped-cropped-logo-Julia-Krantz-2.png\",\"contentUrl\":\"https:\/\/juliakrantz.com.br\/wp-content\/uploads\/2015\/08\/cropped-cropped-cropped-cropped-cropped-logo-Julia-Krantz-2.png\",\"width\":150,\"height\":254,\"caption\":\"Ateli\u00ea Julia Krantz\"},\"image\":{\"@id\":\"https:\/\/juliakrantz.com.br\/#\/schema\/logo\/image\/\"},\"sameAs\":[\"https:\/\/www.facebook.com\/ateliejuliakrantz\/\",\"https:\/\/www.linkedin.com\/in\/julia-krantz\/\",\"https:\/\/www.instagram.com\/ateliejuliakrantz\/\"]}]}<\/script>\n<!-- \/ Yoast SEO plugin. -->","yoast_head_json":{"title":"Pe\u00e7as do Ateli\u00ea JK - Ateli\u00ea Julia Krantz","description":"As pe\u00e7as que comp\u00f5e os trabalhos do Ateli\u00ea Julia Krantz","robots":{"index":"index","follow":"follow","max-snippet":"max-snippet:-1","max-image-preview":"max-image-preview:large","max-video-preview":"max-video-preview:-1"},"canonical":"https:\/\/juliakrantz.com.br\/en\/pecas\/","og_locale":"en_GB","og_type":"article","og_title":"Pe\u00e7as do Ateli\u00ea JK - Ateli\u00ea Julia Krantz","og_description":"As pe\u00e7as que comp\u00f5e os trabalhos do Ateli\u00ea Julia Krantz","og_url":"https:\/\/juliakrantz.com.br\/en\/pecas\/","og_site_name":"Ateli\u00ea Julia Krantz","article_publisher":"https:\/\/www.facebook.com\/ateliejuliakrantz\/","article_modified_time":"2023-08-19T02:11:16+00:00","twitter_card":"summary_large_image","schema":{"@context":"https:\/\/schema.org","@graph":[{"@type":"WebPage","@id":"https:\/\/juliakrantz.com.br\/pecas\/","url":"https:\/\/juliakrantz.com.br\/pecas\/","name":"Pe\u00e7as do Ateli\u00ea JK - Ateli\u00ea Julia Krantz","isPartOf":{"@id":"https:\/\/juliakrantz.com.br\/#website"},"datePublished":"2015-04-27T16:15:49+00:00","dateModified":"2023-08-19T02:11:16+00:00","description":"As pe\u00e7as que comp\u00f5e os trabalhos do Ateli\u00ea Julia Krantz","breadcrumb":{"@id":"https:\/\/juliakrantz.com.br\/pecas\/#breadcrumb"},"inLanguage":"en-GB","potentialAction":[{"@type":"ReadAction","target":["https:\/\/juliakrantz.com.br\/pecas\/"]}]},{"@type":"BreadcrumbList","@id":"https:\/\/juliakrantz.com.br\/pecas\/#breadcrumb","itemListElement":[{"@type":"ListItem","position":1,"name":"In\u00edcio","item":"https:\/\/juliakrantz.com.br\/"},{"@type":"ListItem","position":2,"name":"Pe\u00e7as do Ateli\u00ea JK"}]},{"@type":"WebSite","@id":"https:\/\/juliakrantz.com.br\/#website","url":"https:\/\/juliakrantz.com.br\/","name":"Ateli\u00ea Julia Krantz","description":"","publisher":{"@id":"https:\/\/juliakrantz.com.br\/#organization"},"potentialAction":[{"@type":"SearchAction","target":{"@type":"EntryPoint","urlTemplate":"https:\/\/juliakrantz.com.br\/?s={search_term_string}"},"query-input":"required name=search_term_string"}],"inLanguage":"en-GB"},{"@type":"Organization","@id":"https:\/\/juliakrantz.com.br\/#organization","name":"Ateli\u00ea Julia Krantz","url":"https:\/\/juliakrantz.com.br\/","logo":{"@type":"ImageObject","inLanguage":"en-GB","@id":"https:\/\/juliakrantz.com.br\/#\/schema\/logo\/image\/","url":"https:\/\/juliakrantz.com.br\/wp-content\/uploads\/2015\/08\/cropped-cropped-cropped-cropped-cropped-logo-Julia-Krantz-2.png","contentUrl":"https:\/\/juliakrantz.com.br\/wp-content\/uploads\/2015\/08\/cropped-cropped-cropped-cropped-cropped-logo-Julia-Krantz-2.png","width":150,"height":254,"caption":"Ateli\u00ea Julia Krantz"},"image":{"@id":"https:\/\/juliakrantz.com.br\/#\/schema\/logo\/image\/"},"sameAs":["https:\/\/www.facebook.com\/ateliejuliakrantz\/","https:\/\/www.linkedin.com\/in\/julia-krantz\/","https:\/\/www.instagram.com\/ateliejuliakrantz\/"]}]}},"_links":{"self":[{"href":"https:\/\/juliakrantz.com.br\/en\/wp-json\/wp\/v2\/pages\/32"}],"collection":[{"href":"https:\/\/juliakrantz.com.br\/en\/wp-json\/wp\/v2\/pages"}],"about":[{"href":"https:\/\/juliakrantz.com.br\/en\/wp-json\/wp\/v2\/types\/page"}],"author":[{"embeddable":true,"href":"https:\/\/juliakrantz.com.br\/en\/wp-json\/wp\/v2\/users\/1"}],"replies":[{"embeddable":true,"href":"https:\/\/juliakrantz.com.br\/en\/wp-json\/wp\/v2\/comments?post=32"}],"version-history":[{"count":22,"href":"https:\/\/juliakrantz.com.br\/en\/wp-json\/wp\/v2\/pages\/32\/revisions"}],"predecessor-version":[{"id":1437,"href":"https:\/\/juliakrantz.com.br\/en\/wp-json\/wp\/v2\/pages\/32\/revisions\/1437"}],"wp:attachment":[{"href":"https:\/\/juliakrantz.com.br\/en\/wp-json\/wp\/v2\/media?parent=32"}],"curies":[{"name":"wp","href":"https:\/\/api.w.org\/{rel}","templated":true}]}}