{"id":316,"date":"2015-09-11T16:00:19","date_gmt":"2015-09-11T16:00:19","guid":{"rendered":"http:\/\/juliakrantz.com.br\/?page_id=316"},"modified":"2021-04-29T17:04:23","modified_gmt":"2021-04-29T17:04:23","slug":"madeiras","status":"publish","type":"page","link":"https:\/\/juliakrantz.com.br\/en\/madeiras\/","title":{"rendered":"Wood"},"content":{"rendered":"<p><\/p>\n<div class=\"vce-row-container\" data-vce-boxed-width=\"true\">\n<div id=\"el-bbbfd6ec\" class=\"vce-row vce-row--col-gap-30 vce-row-equal-height vce-row-content--top\" data-vce-do-apply=\"all el-bbbfd6ec\">\n<div class=\"vce-row-content\" data-vce-element-content=\"true\">\n<div id=\"el-cec71cf7\" class=\"vce-col vce-col--md-auto vce-col--xs-1 vce-col--xs-last vce-col--xs-first vce-col--sm-last vce-col--sm-first vce-col--md-last vce-col--lg-last vce-col--xl-last vce-col--md-first vce-col--lg-first vce-col--xl-first\">\n<div class=\"vce-col-inner\" data-vce-do-apply=\"border margin background  el-cec71cf7\">\n<div class=\"vce-col-content\" data-vce-element-content=\"true\" data-vce-do-apply=\"padding el-cec71cf7\">\n<div class=\"vce-text-block\">\n<div id=\"el-a71e5bb3\" class=\"vce-text-block-wrapper vce\" data-vce-do-apply=\"all el-a71e5bb3\">\n<h3>Cedar<\/h3>\n<p><em><img decoding=\"async\" loading=\"lazy\" class=\"size-full wp-image-546 alignleft\" src=\"http:\/\/juliakrantz.com.br\/wp-content\/uploads\/2015\/09\/cedro-arvore.jpg\" alt=\"\" width=\"250\" height=\"350\" srcset=\"https:\/\/juliakrantz.com.br\/wp-content\/uploads\/2015\/09\/cedro-arvore.jpg 250w, https:\/\/juliakrantz.com.br\/wp-content\/uploads\/2015\/09\/cedro-arvore-214x300.jpg 214w\" sizes=\"(max-width: 250px) 100vw, 250px\" \/>Cedrela sp<\/em><\/p>\n<p>It occurs in the Amazon rainforest in the south of the country, depending on the species of cedar (the main ones are: <em>Cedrela odorata, Cedrela angustif\u00f3lia, and Cedrela fissilis<\/em>)<em>. <\/em>Light wood; dark pinkish-beige to reddish-brown heartwood; thick texture; right grain; pleasant smell, slightly bitter taste; moderate resistance to attack by xylophagous organisms.<\/p>\n<p>Suitable for furniture, decorative packaging, picture frames, carvings, musical instruments; in civil construction, used in skirting boards, shutters, trims, shipbuilding.<\/p>\n<p><img decoding=\"async\" loading=\"lazy\" class=\"alignnone size-full wp-image-547\" src=\"http:\/\/juliakrantz.com.br\/wp-content\/uploads\/2015\/09\/cedro-madeira.jpg\" alt=\"\" width=\"430\" height=\"350\" srcset=\"https:\/\/juliakrantz.com.br\/wp-content\/uploads\/2015\/09\/cedro-madeira.jpg 430w, https:\/\/juliakrantz.com.br\/wp-content\/uploads\/2015\/09\/cedro-madeira-300x244.jpg 300w\" sizes=\"(max-width: 430px) 100vw, 430px\" \/><\/p>\n<h3>Freij\u00f3<\/h3>\n<p><em><img decoding=\"async\" loading=\"lazy\" class=\"size-full wp-image-320 alignleft\" src=\"http:\/\/juliakrantz.com.br\/wp-content\/uploads\/2015\/09\/freijo-arvore.jpg\" alt=\"\" width=\"235\" height=\"350\" srcset=\"https:\/\/juliakrantz.com.br\/wp-content\/uploads\/2015\/09\/freijo-arvore.jpg 235w, https:\/\/juliakrantz.com.br\/wp-content\/uploads\/2015\/09\/freijo-arvore-201x300.jpg 201w\" sizes=\"(max-width: 235px) 100vw, 235px\" \/>Cordia goeldiana<\/em><\/p>\n<p>Occurs frequently in Par\u00e1. Wood moderately heavy, heartwood light brownish-brown; uniform; medium texture; right grain; peculiar, slightly pronounced smell; imperceptible taste; moderate resistance to attack by xylophagous organisms.<\/p>\n<p>Recommended for fine furniture, leaves, wainscoting and panels; in civil construction, suitable for frames, shutters, moldings and trims.<\/p>\n<\/div>\n<\/div>\n<p><img decoding=\"async\" loading=\"lazy\" class=\"alignnone size-full wp-image-322\" src=\"http:\/\/juliakrantz.com.br\/wp-content\/uploads\/2015\/09\/freijo-madeira.jpg\" alt=\"\" width=\"430\" height=\"350\" srcset=\"https:\/\/juliakrantz.com.br\/wp-content\/uploads\/2015\/09\/freijo-madeira.jpg 430w, https:\/\/juliakrantz.com.br\/wp-content\/uploads\/2015\/09\/freijo-madeira-300x244.jpg 300w\" sizes=\"(max-width: 430px) 100vw, 430px\" \/><\/p>\n<div class=\"vce-text-block\">\n<div id=\"el-a71e5bb3\" class=\"vce-text-block-wrapper vce\" data-vce-do-apply=\"all el-a71e5bb3\">\n<h3>Yellow Ipe<\/h3>\n<p><em><img decoding=\"async\" loading=\"lazy\" class=\"size-full wp-image-365 alignleft\" src=\"http:\/\/juliakrantz.com.br\/wp-content\/uploads\/2015\/09\/ipe-amarelo-arvore.jpg\" alt=\"\" width=\"442\" height=\"350\" srcset=\"https:\/\/juliakrantz.com.br\/wp-content\/uploads\/2015\/09\/ipe-amarelo-arvore.jpg 442w, https:\/\/juliakrantz.com.br\/wp-content\/uploads\/2015\/09\/ipe-amarelo-arvore-300x238.jpg 300w\" sizes=\"(max-width: 442px) 100vw, 442px\" \/>Tabebuia ochracea<\/em><\/p>\n<p>It occurs in the states of Paran\u00e1, Minas Gerais and S\u00e3o Paulo. Very heavy wood and very hard to cut; light brown heartwood, with yellowish or greenish reflections; fine texture; uneven to reverse grain; imperceptible smell and taste; high resistance to attack by xylophagous organisms.<\/p>\n<p>Recommended for internal finishes, bowling balls, tool handles; in civil construction, used in structures, sleepers, crosses, frames, steps and floors.<\/p>\n<p><img decoding=\"async\" loading=\"lazy\" class=\"alignnone size-full wp-image-366\" src=\"http:\/\/juliakrantz.com.br\/wp-content\/uploads\/2015\/09\/ipe-amarelo-madeira.jpg\" alt=\"\" width=\"430\" height=\"350\" srcset=\"https:\/\/juliakrantz.com.br\/wp-content\/uploads\/2015\/09\/ipe-amarelo-madeira.jpg 430w, https:\/\/juliakrantz.com.br\/wp-content\/uploads\/2015\/09\/ipe-amarelo-madeira-300x244.jpg 300w\" sizes=\"(max-width: 430px) 100vw, 430px\" \/><\/p>\n<h3>Purple Ip\u00ea<\/h3>\n<p><em><img decoding=\"async\" loading=\"lazy\" class=\"size-full wp-image-368 alignleft\" src=\"http:\/\/juliakrantz.com.br\/wp-content\/uploads\/2015\/09\/ipe-roxo-arvore.jpg\" alt=\"\" width=\"367\" height=\"350\" srcset=\"https:\/\/juliakrantz.com.br\/wp-content\/uploads\/2015\/09\/ipe-roxo-arvore.jpg 367w, https:\/\/juliakrantz.com.br\/wp-content\/uploads\/2015\/09\/ipe-roxo-arvore-300x286.jpg 300w\" sizes=\"(max-width: 367px) 100vw, 367px\" \/>Tabebuia impetiginosa<br \/><\/em><\/p>\n<p>It occurs from Cear\u00e1 to Paran\u00e1, in rainforests. Very heavy wood and very hard to cut; heartwood brownish-brown, uniform; fine and uniform texture; straight or reverse grain; imperceptible smell and taste; high resistance to attack by xylophagous organisms.<\/p>\n<p>Recommended for internal finishes, bowling balls, tool handles; in civil construction, used in structures, sleepers, crosses, frames, steps and floors.<\/p>\n<p><img decoding=\"async\" loading=\"lazy\" class=\"alignnone size-full wp-image-369\" src=\"http:\/\/juliakrantz.com.br\/wp-content\/uploads\/2015\/09\/ipe-roxo-madeira.jpg\" alt=\"\" width=\"430\" height=\"350\" srcset=\"https:\/\/juliakrantz.com.br\/wp-content\/uploads\/2015\/09\/ipe-roxo-madeira.jpg 430w, https:\/\/juliakrantz.com.br\/wp-content\/uploads\/2015\/09\/ipe-roxo-madeira-300x244.jpg 300w\" sizes=\"(max-width: 430px) 100vw, 430px\" \/><\/p>\n<h3>Jatob\u00e1<\/h3>\n<p><em><img decoding=\"async\" loading=\"lazy\" class=\"size-full wp-image-372 alignleft\" src=\"http:\/\/juliakrantz.com.br\/wp-content\/uploads\/2015\/09\/jatoba-arvore.jpg\" alt=\"\" width=\"327\" height=\"350\" srcset=\"https:\/\/juliakrantz.com.br\/wp-content\/uploads\/2015\/09\/jatoba-arvore.jpg 327w, https:\/\/juliakrantz.com.br\/wp-content\/uploads\/2015\/09\/jatoba-arvore-280x300.jpg 280w\" sizes=\"(max-width: 327px) 100vw, 327px\" \/>Hymenaea stilbocarpa<\/em><\/p>\n<p>It occurs throughout the country, in both rainforest and dry forests. Very heavy wood and very hard to cut; heartwood variable in color, from light pinkish brown to reddish brown; uniform medium texture; regular and irregular grain; imperceptible smell and taste; resistant to attack by xylophagous organisms.<\/p>\n<p>Recommended for furniture, sporting goods, turned parts, bodies, wagons; in civil construction, in structures, frames, floors, sleepers and crosses.<\/p>\n<p><img decoding=\"async\" loading=\"lazy\" class=\"alignnone size-full wp-image-371\" src=\"http:\/\/juliakrantz.com.br\/wp-content\/uploads\/2015\/09\/jatoba-madeira.jpg\" alt=\"\" width=\"430\" height=\"350\" srcset=\"https:\/\/juliakrantz.com.br\/wp-content\/uploads\/2015\/09\/jatoba-madeira.jpg 430w, https:\/\/juliakrantz.com.br\/wp-content\/uploads\/2015\/09\/jatoba-madeira-300x244.jpg 300w\" sizes=\"(max-width: 430px) 100vw, 430px\" \/><\/p>\n<h3>Muiracatiara gust<\/h3>\n<p><em><img decoding=\"async\" loading=\"lazy\" class=\"size-full wp-image-374 alignleft\" src=\"http:\/\/juliakrantz.com.br\/wp-content\/uploads\/2015\/09\/Muiracatiara-arvroe.jpg\" alt=\"\" width=\"215\" height=\"350\" srcset=\"https:\/\/juliakrantz.com.br\/wp-content\/uploads\/2015\/09\/Muiracatiara-arvroe.jpg 215w, https:\/\/juliakrantz.com.br\/wp-content\/uploads\/2015\/09\/Muiracatiara-arvroe-184x300.jpg 184w\" sizes=\"(max-width: 215px) 100vw, 215px\" \/>Astronium lecointei<\/em><\/p>\n<p>It occurs in the Amazon region, especially in Par\u00e1. Wood is very heavy and hard to cut; heartwood reddish to dark brown, with darker streaks; medium texture; irregular grain; imperceptible smell and taste; resistant to attack by xylophagous organisms.<\/p>\n<p>Recommended for furniture, decorative objects, tool handles; in civil construction, it is suitable for slats, rafters, parquet boards and floors, panels, frames and shutters.<\/p>\n<p><img decoding=\"async\" loading=\"lazy\" class=\"alignnone size-full wp-image-375\" src=\"http:\/\/juliakrantz.com.br\/wp-content\/uploads\/2015\/09\/muiracatiara-madeira.jpg\" alt=\"\" width=\"430\" height=\"350\" srcset=\"https:\/\/juliakrantz.com.br\/wp-content\/uploads\/2015\/09\/muiracatiara-madeira.jpg 430w, https:\/\/juliakrantz.com.br\/wp-content\/uploads\/2015\/09\/muiracatiara-madeira-300x244.jpg 300w\" sizes=\"(max-width: 430px) 100vw, 430px\" \/><\/p>\n<h3>Roxinho<\/h3>\n<p><em><img decoding=\"async\" loading=\"lazy\" class=\"size-full wp-image-378 alignleft\" src=\"http:\/\/juliakrantz.com.br\/wp-content\/uploads\/2015\/09\/roxinho-arvore.jpg\" alt=\"\" width=\"228\" height=\"350\" srcset=\"https:\/\/juliakrantz.com.br\/wp-content\/uploads\/2015\/09\/roxinho-arvore.jpg 228w, https:\/\/juliakrantz.com.br\/wp-content\/uploads\/2015\/09\/roxinho-arvore-195x300.jpg 195w\" sizes=\"(max-width: 228px) 100vw, 228px\" \/>Peltogyne angustiflora<br \/><\/em><\/p>\n<p>It occurs from S\u00e3o Paulo to Maranh\u00e3o, in cerrados or semi-deciduous forests. Heavy wood, hard to cut; fine texture; irregular grain; purplish-red heartwood; high mechanical resistance and resistance to attacks by xylophagous organisms.<\/p>\n<p>Recommended for furniture, ebanisteria, billiard cues, tool handles; In civil construction, it is suitable for sleepers, posts, stakes, bridges, flooring, among others.<\/p>\n<p><img decoding=\"async\" loading=\"lazy\" class=\"alignnone size-full wp-image-377\" src=\"http:\/\/juliakrantz.com.br\/wp-content\/uploads\/2015\/09\/roxinho-madeira.jpg\" alt=\"\" width=\"430\" height=\"350\" srcset=\"https:\/\/juliakrantz.com.br\/wp-content\/uploads\/2015\/09\/roxinho-madeira.jpg 430w, https:\/\/juliakrantz.com.br\/wp-content\/uploads\/2015\/09\/roxinho-madeira-300x244.jpg 300w\" sizes=\"(max-width: 430px) 100vw, 430px\" \/><\/p>\n<h3>Sucupira<\/h3>\n<p><em><img decoding=\"async\" loading=\"lazy\" class=\"size-full wp-image-380 alignleft\" src=\"http:\/\/juliakrantz.com.br\/wp-content\/uploads\/2015\/09\/sucupira-arvore.jpg\" alt=\"\" width=\"379\" height=\"350\" srcset=\"https:\/\/juliakrantz.com.br\/wp-content\/uploads\/2015\/09\/sucupira-arvore.jpg 379w, https:\/\/juliakrantz.com.br\/wp-content\/uploads\/2015\/09\/sucupira-arvore-300x277.jpg 300w\" sizes=\"(max-width: 379px) 100vw, 379px\" \/>Crisp Bowdichia<br \/><\/em><\/p>\n<p>It occurs most frequently in Par\u00e1 and Rond\u00f4nia, in dryland forests. Heavy and hard wood to cut; brownish-brown and dark brown heartwood; medium to thick texture; reverse grain; marked fibrous appearance; imperceptible smell and taste; resistant to attack by xylophagous organisms.<\/p>\n<p>Recommended for furniture and decorative objects; in civil construction it is used in sleepers, beams and rafters, floors, doors and frames in general.<\/p>\n<p><img decoding=\"async\" loading=\"lazy\" class=\"alignnone size-full wp-image-381\" src=\"http:\/\/juliakrantz.com.br\/wp-content\/uploads\/2015\/09\/sucupira-madeira.jpg\" alt=\"\" width=\"430\" height=\"350\" srcset=\"https:\/\/juliakrantz.com.br\/wp-content\/uploads\/2015\/09\/sucupira-madeira.jpg 430w, https:\/\/juliakrantz.com.br\/wp-content\/uploads\/2015\/09\/sucupira-madeira-300x244.jpg 300w\" sizes=\"(max-width: 430px) 100vw, 430px\" \/><\/p>\n<h3>Kapok<\/h3>\n<p><em><img decoding=\"async\" loading=\"lazy\" class=\"size-full wp-image-383 alignleft\" src=\"http:\/\/juliakrantz.com.br\/wp-content\/uploads\/2015\/09\/sumauma-arvore.jpg\" alt=\"\" width=\"239\" height=\"350\" srcset=\"https:\/\/juliakrantz.com.br\/wp-content\/uploads\/2015\/09\/sumauma-arvore.jpg 239w, https:\/\/juliakrantz.com.br\/wp-content\/uploads\/2015\/09\/sumauma-arvore-205x300.jpg 205w\" sizes=\"(max-width: 239px) 100vw, 239px\" \/>Ceiba pentandra<\/em><\/p>\n<p>It occurs throughout the Amazon basin, in flooded forests and on dry land. Very light and soft wood to cut; heartwood and sapwood undifferentiated in color, beige to light pinkish brown; thick texture; right grain; imperceptible smell and taste; low natural resistance to attack by xylophagous organisms.<\/p>\n<p>Recommended for the manufacture of boats, small boxes, rafts, toys, model aircraft and panels.<\/p>\n<p><img decoding=\"async\" loading=\"lazy\" class=\"alignnone size-full wp-image-384\" src=\"http:\/\/juliakrantz.com.br\/wp-content\/uploads\/2015\/09\/sumauma-madeira.jpg\" alt=\"\" width=\"600\" height=\"374\" srcset=\"https:\/\/juliakrantz.com.br\/wp-content\/uploads\/2015\/09\/sumauma-madeira.jpg 600w, https:\/\/juliakrantz.com.br\/wp-content\/uploads\/2015\/09\/sumauma-madeira-300x187.jpg 300w\" sizes=\"(max-width: 600px) 100vw, 600px\" \/><\/p>\n<p>Information taken from the books<\/p>\n<p><em>\u201c<strong>Fichas de Caracter\u00edsticas das Madeiras Brasileiras<\/strong>\u201d \u2013 IPT \u2013 Calvino Mainieri e Jo\u00e3o Peres Chimelo \u2013 SP, 1989<\/em><\/p>\n<p><em>\u201c<strong>\u00c1rvores Brasileiras \u2013 Manual de Identifica\u00e7\u00e3o e Cultivo de Plantas Arb\u00f3reas Nativas do Brasil<\/strong>\u201d \u2013 Harri Lorenzi \u2013 SP, 2002<\/em><\/p>\n<p>\u00a0<\/p>\n<\/div>\n<\/div>\n<\/div>\n<\/div>\n<\/div>\n<\/div>\n<\/div>\n<\/div>\n<p><\/p>\n\n\n<p class=\"has-primary-color has-text-color\" style=\"font-size:12px\"><strong><img decoding=\"async\" loading=\"lazy\" width=\"80\" height=\"130\" class=\"wp-image-1145\" style=\"width: 25px;\" src=\"http:\/\/juliakrantz.com.br\/wp-content\/uploads\/2021\/04\/icone-80.png\" alt=\"\"> <\/strong><br><strong>Ateli\u00ea Julia Krantz<br><\/strong>Rua Coriolano, 71 | Vila Romana<br>05047-000 | S\u00e3o Paulo | Brasil<br><a rel=\"noreferrer noopener\" href=\"mailto:juliakrantz@juliakrantz.com.br\" target=\"_blank\">juliakrantz@juliakrantz.com.br<\/a><br><a href=\"https:\/\/api.whatsapp.com\/send?phone=5511999831162\"><img decoding=\"async\" loading=\"lazy\" width=\"50\" height=\"50\" class=\"wp-image-1149\" style=\"width: 30px;\" src=\"http:\/\/juliakrantz.com.br\/wp-content\/uploads\/2021\/04\/whatsapp-1-e1619417358519.png\" alt=\"\"><\/a><\/p>","protected":false},"excerpt":{"rendered":"<p>Cedro Cedrela sp Ocorre da floresta amaz\u00f4nica ao sul do pa\u00eds, dependendo da esp\u00e9cie de cedro (as principais s\u00e3o: Cedrela odorata, Cedrela angustif\u00f3lia, e Cedrela fissilis). Madeira leve; cerne bege-rosado-escuro a castanho-avermelhado;; textura grossa; gr\u00e3 direita; cheiro agrad\u00e1vel, gosto ligeiramente amargo; resist\u00eancia moderada ao ataque de organismos xil\u00f3fagos. Indicada para m\u00f3veis, embalagens decorativas, molduras de&hellip;<\/p>","protected":false},"author":1,"featured_media":0,"parent":0,"menu_order":0,"comment_status":"closed","ping_status":"closed","template":"","meta":{"_vp_format_video_url":"","_vp_image_focal_point":[]},"acf":[],"yoast_head":"<!-- This site is optimized with the Yoast SEO plugin v20.13 - https:\/\/yoast.com\/wordpress\/plugins\/seo\/ -->\n<title>Madeiras - Ateli\u00ea Julia Krantz<\/title>\n<meta name=\"robots\" content=\"index, follow, max-snippet:-1, max-image-preview:large, max-video-preview:-1\" \/>\n<link rel=\"canonical\" href=\"https:\/\/juliakrantz.com.br\/en\/madeiras\/\" \/>\n<meta property=\"og:locale\" content=\"en_GB\" \/>\n<meta property=\"og:type\" content=\"article\" \/>\n<meta property=\"og:title\" content=\"Madeiras - Ateli\u00ea Julia Krantz\" \/>\n<meta property=\"og:description\" content=\"Cedro Cedrela sp Ocorre da floresta amaz\u00f4nica ao sul do pa\u00eds, dependendo da esp\u00e9cie de cedro (as principais s\u00e3o: Cedrela odorata, Cedrela angustif\u00f3lia, e Cedrela fissilis). Madeira leve; cerne bege-rosado-escuro a castanho-avermelhado;; textura grossa; gr\u00e3 direita; cheiro agrad\u00e1vel, gosto ligeiramente amargo; resist\u00eancia moderada ao ataque de organismos xil\u00f3fagos. Indicada para m\u00f3veis, embalagens decorativas, molduras de&hellip;\" \/>\n<meta property=\"og:url\" content=\"https:\/\/juliakrantz.com.br\/en\/madeiras\/\" \/>\n<meta property=\"og:site_name\" content=\"Ateli\u00ea Julia Krantz\" \/>\n<meta property=\"article:publisher\" content=\"https:\/\/www.facebook.com\/ateliejuliakrantz\/\" \/>\n<meta property=\"article:modified_time\" content=\"2021-04-29T17:04:23+00:00\" \/>\n<meta property=\"og:image\" content=\"http:\/\/juliakrantz.com.br\/wp-content\/uploads\/2015\/09\/cedro-arvore.jpg\" \/>\n<meta name=\"twitter:card\" content=\"summary_large_image\" \/>\n<meta name=\"twitter:label1\" content=\"Estimated reading time\" \/>\n\t<meta name=\"twitter:data1\" content=\"3 minutes\" \/>\n<script type=\"application\/ld+json\" class=\"yoast-schema-graph\">{\"@context\":\"https:\/\/schema.org\",\"@graph\":[{\"@type\":\"WebPage\",\"@id\":\"https:\/\/juliakrantz.com.br\/madeiras\/\",\"url\":\"https:\/\/juliakrantz.com.br\/madeiras\/\",\"name\":\"Madeiras - Ateli\u00ea Julia Krantz\",\"isPartOf\":{\"@id\":\"https:\/\/juliakrantz.com.br\/#website\"},\"datePublished\":\"2015-09-11T16:00:19+00:00\",\"dateModified\":\"2021-04-29T17:04:23+00:00\",\"breadcrumb\":{\"@id\":\"https:\/\/juliakrantz.com.br\/madeiras\/#breadcrumb\"},\"inLanguage\":\"en-GB\",\"potentialAction\":[{\"@type\":\"ReadAction\",\"target\":[\"https:\/\/juliakrantz.com.br\/madeiras\/\"]}]},{\"@type\":\"BreadcrumbList\",\"@id\":\"https:\/\/juliakrantz.com.br\/madeiras\/#breadcrumb\",\"itemListElement\":[{\"@type\":\"ListItem\",\"position\":1,\"name\":\"In\u00edcio\",\"item\":\"https:\/\/juliakrantz.com.br\/\"},{\"@type\":\"ListItem\",\"position\":2,\"name\":\"Madeiras\"}]},{\"@type\":\"WebSite\",\"@id\":\"https:\/\/juliakrantz.com.br\/#website\",\"url\":\"https:\/\/juliakrantz.com.br\/\",\"name\":\"Ateli\u00ea Julia Krantz\",\"description\":\"\",\"publisher\":{\"@id\":\"https:\/\/juliakrantz.com.br\/#organization\"},\"potentialAction\":[{\"@type\":\"SearchAction\",\"target\":{\"@type\":\"EntryPoint\",\"urlTemplate\":\"https:\/\/juliakrantz.com.br\/?s={search_term_string}\"},\"query-input\":\"required name=search_term_string\"}],\"inLanguage\":\"en-GB\"},{\"@type\":\"Organization\",\"@id\":\"https:\/\/juliakrantz.com.br\/#organization\",\"name\":\"Ateli\u00ea Julia Krantz\",\"url\":\"https:\/\/juliakrantz.com.br\/\",\"logo\":{\"@type\":\"ImageObject\",\"inLanguage\":\"en-GB\",\"@id\":\"https:\/\/juliakrantz.com.br\/#\/schema\/logo\/image\/\",\"url\":\"https:\/\/juliakrantz.com.br\/wp-content\/uploads\/2015\/08\/cropped-cropped-cropped-cropped-cropped-logo-Julia-Krantz-2.png\",\"contentUrl\":\"https:\/\/juliakrantz.com.br\/wp-content\/uploads\/2015\/08\/cropped-cropped-cropped-cropped-cropped-logo-Julia-Krantz-2.png\",\"width\":150,\"height\":254,\"caption\":\"Ateli\u00ea Julia Krantz\"},\"image\":{\"@id\":\"https:\/\/juliakrantz.com.br\/#\/schema\/logo\/image\/\"},\"sameAs\":[\"https:\/\/www.facebook.com\/ateliejuliakrantz\/\",\"https:\/\/www.linkedin.com\/in\/julia-krantz\/\",\"https:\/\/www.instagram.com\/ateliejuliakrantz\/\"]}]}<\/script>\n<!-- \/ Yoast SEO plugin. -->","yoast_head_json":{"title":"Madeiras - Ateli\u00ea Julia Krantz","robots":{"index":"index","follow":"follow","max-snippet":"max-snippet:-1","max-image-preview":"max-image-preview:large","max-video-preview":"max-video-preview:-1"},"canonical":"https:\/\/juliakrantz.com.br\/en\/madeiras\/","og_locale":"en_GB","og_type":"article","og_title":"Madeiras - Ateli\u00ea Julia Krantz","og_description":"Cedro Cedrela sp Ocorre da floresta amaz\u00f4nica ao sul do pa\u00eds, dependendo da esp\u00e9cie de cedro (as principais s\u00e3o: Cedrela odorata, Cedrela angustif\u00f3lia, e Cedrela fissilis). Madeira leve; cerne bege-rosado-escuro a castanho-avermelhado;; textura grossa; gr\u00e3 direita; cheiro agrad\u00e1vel, gosto ligeiramente amargo; resist\u00eancia moderada ao ataque de organismos xil\u00f3fagos. Indicada para m\u00f3veis, embalagens decorativas, molduras de&hellip;","og_url":"https:\/\/juliakrantz.com.br\/en\/madeiras\/","og_site_name":"Ateli\u00ea Julia Krantz","article_publisher":"https:\/\/www.facebook.com\/ateliejuliakrantz\/","article_modified_time":"2021-04-29T17:04:23+00:00","og_image":[{"url":"http:\/\/juliakrantz.com.br\/wp-content\/uploads\/2015\/09\/cedro-arvore.jpg"}],"twitter_card":"summary_large_image","twitter_misc":{"Estimated reading time":"3 minutes"},"schema":{"@context":"https:\/\/schema.org","@graph":[{"@type":"WebPage","@id":"https:\/\/juliakrantz.com.br\/madeiras\/","url":"https:\/\/juliakrantz.com.br\/madeiras\/","name":"Madeiras - Ateli\u00ea Julia Krantz","isPartOf":{"@id":"https:\/\/juliakrantz.com.br\/#website"},"datePublished":"2015-09-11T16:00:19+00:00","dateModified":"2021-04-29T17:04:23+00:00","breadcrumb":{"@id":"https:\/\/juliakrantz.com.br\/madeiras\/#breadcrumb"},"inLanguage":"en-GB","potentialAction":[{"@type":"ReadAction","target":["https:\/\/juliakrantz.com.br\/madeiras\/"]}]},{"@type":"BreadcrumbList","@id":"https:\/\/juliakrantz.com.br\/madeiras\/#breadcrumb","itemListElement":[{"@type":"ListItem","position":1,"name":"In\u00edcio","item":"https:\/\/juliakrantz.com.br\/"},{"@type":"ListItem","position":2,"name":"Madeiras"}]},{"@type":"WebSite","@id":"https:\/\/juliakrantz.com.br\/#website","url":"https:\/\/juliakrantz.com.br\/","name":"Ateli\u00ea Julia Krantz","description":"","publisher":{"@id":"https:\/\/juliakrantz.com.br\/#organization"},"potentialAction":[{"@type":"SearchAction","target":{"@type":"EntryPoint","urlTemplate":"https:\/\/juliakrantz.com.br\/?s={search_term_string}"},"query-input":"required name=search_term_string"}],"inLanguage":"en-GB"},{"@type":"Organization","@id":"https:\/\/juliakrantz.com.br\/#organization","name":"Ateli\u00ea Julia Krantz","url":"https:\/\/juliakrantz.com.br\/","logo":{"@type":"ImageObject","inLanguage":"en-GB","@id":"https:\/\/juliakrantz.com.br\/#\/schema\/logo\/image\/","url":"https:\/\/juliakrantz.com.br\/wp-content\/uploads\/2015\/08\/cropped-cropped-cropped-cropped-cropped-logo-Julia-Krantz-2.png","contentUrl":"https:\/\/juliakrantz.com.br\/wp-content\/uploads\/2015\/08\/cropped-cropped-cropped-cropped-cropped-logo-Julia-Krantz-2.png","width":150,"height":254,"caption":"Ateli\u00ea Julia Krantz"},"image":{"@id":"https:\/\/juliakrantz.com.br\/#\/schema\/logo\/image\/"},"sameAs":["https:\/\/www.facebook.com\/ateliejuliakrantz\/","https:\/\/www.linkedin.com\/in\/julia-krantz\/","https:\/\/www.instagram.com\/ateliejuliakrantz\/"]}]}},"_links":{"self":[{"href":"https:\/\/juliakrantz.com.br\/en\/wp-json\/wp\/v2\/pages\/316"}],"collection":[{"href":"https:\/\/juliakrantz.com.br\/en\/wp-json\/wp\/v2\/pages"}],"about":[{"href":"https:\/\/juliakrantz.com.br\/en\/wp-json\/wp\/v2\/types\/page"}],"author":[{"embeddable":true,"href":"https:\/\/juliakrantz.com.br\/en\/wp-json\/wp\/v2\/users\/1"}],"replies":[{"embeddable":true,"href":"https:\/\/juliakrantz.com.br\/en\/wp-json\/wp\/v2\/comments?post=316"}],"version-history":[{"count":67,"href":"https:\/\/juliakrantz.com.br\/en\/wp-json\/wp\/v2\/pages\/316\/revisions"}],"predecessor-version":[{"id":1436,"href":"https:\/\/juliakrantz.com.br\/en\/wp-json\/wp\/v2\/pages\/316\/revisions\/1436"}],"wp:attachment":[{"href":"https:\/\/juliakrantz.com.br\/en\/wp-json\/wp\/v2\/media?parent=316"}],"curies":[{"name":"wp","href":"https:\/\/api.w.org\/{rel}","templated":true}]}}