{"id":148,"date":"2015-04-24T15:14:08","date_gmt":"2015-04-24T15:14:08","guid":{"rendered":"http:\/\/tommusrhodus.wpengine.com\/?page_id=8"},"modified":"2023-11-15T22:47:26","modified_gmt":"2023-11-15T22:47:26","slug":"julia-krantz","status":"publish","type":"page","link":"https:\/\/juliakrantz.com.br\/en\/julia-krantz\/","title":{"rendered":"Julia Krantz"},"content":{"rendered":"<div class=\"vce-row-container\" data-vce-boxed-width=\"true\"><div class=\"vce-row vce-row--col-gap-30 vce-row-equal-height vce-row-content--top\" id=\"el-21b1b221\" data-vce-do-apply=\"all el-21b1b221\"><div class=\"vce-row-content\" data-vce-element-content=\"true\"><div class=\"vce-col vce-col--md-auto vce-col--xs-1 vce-col--xs-last vce-col--xs-first vce-col--sm-last vce-col--sm-first vce-col--md-last vce-col--lg-last vce-col--xl-last vce-col--md-first vce-col--lg-first vce-col--xl-first\" id=\"el-391f622d\"><div class=\"vce-col-inner\" data-vce-do-apply=\"border margin background  el-391f622d\"><div class=\"vce-col-content\" data-vce-element-content=\"true\" data-vce-do-apply=\"padding el-391f622d\"><div class=\"vce-text-block\"><div class=\"vce-text-block-wrapper vce\" id=\"el-fb215de5\" data-vce-do-apply=\"all el-fb215de5\"><p><img decoding=\"async\" loading=\"lazy\" class=\"alignnone wp-image-1207 size-full\" src=\"https:\/\/juliakrantz.com.br\/wp-content\/uploads\/2021\/04\/JuliaKrantz-1.jpg\" alt=\"\" width=\"700\" height=\"1195\" srcset=\"https:\/\/juliakrantz.com.br\/wp-content\/uploads\/2021\/04\/JuliaKrantz-1.jpg 700w, https:\/\/juliakrantz.com.br\/wp-content\/uploads\/2021\/04\/JuliaKrantz-1-176x300.jpg 176w, https:\/\/juliakrantz.com.br\/wp-content\/uploads\/2021\/04\/JuliaKrantz-1-600x1024.jpg 600w, https:\/\/juliakrantz.com.br\/wp-content\/uploads\/2021\/04\/JuliaKrantz-1-500x854.jpg 500w\" sizes=\"(max-width: 700px) 100vw, 700px\" \/><\/p>\n<p>My work, or my professional and personal search over the years, is essentially portrayed in the considerations below<\/p>\n<h2><strong>The search<\/strong><\/h2>\n<blockquote>\n<p>Technical improvement and continuous artistic personal development, which enable more precise manipulations in the composition of the pieces produced, with a better understanding of the intrinsic characteristics of the chosen raw material, guaranteeing a more conscious and broader exploration of the possibilities it offers<\/p>\n<\/blockquote>\n<h2><strong>The appointment<\/strong><\/h2>\n<blockquote>\n<p>The environmental awareness that permeates the correct selection and use of renewable raw materials, through the self-imposed obligation to work with wood from areas where the sustainability of the Brazilian forest is guaranteed by the correct management of its flora, and by enabling the development of communities that survive from that the forest provides them<\/p>\n<\/blockquote>\n<h2><strong>The work<\/strong><\/h2>\n<blockquote>\n<p>A reinterpretation of the sinuous movement of waters, of the organicity of nature, in the construction of volumes through the use of varied species of native Brazilian wood, where function and plasticity merge in absolute interdependence.<\/p>\n<\/blockquote>\n<h2><strong>Wood<\/strong><\/h2>\n<blockquote>\n<p>The raw material that is chosen to work with brings with it much of what is intended, from the plastic and functional result immediately related to the final product, to the less direct intentions associated with larger issues concerning the product's relationship with society and its environment.<\/p>\n<p>Wood brings with it peculiar characteristics that give it a great advantage over other materials, firstly due to its status as an absolutely renewable resource, as long as it is exploited in a sustainable way, guaranteeing the survival and flourishing of native forests with the most different types of vegetation around. of the world. <strong>-<\/strong> .<\/p>\n<p><strong>Secondly<\/strong> we can mention the variety of species, with their colors, textures, smells, densities, flavors, full dishes for the inspired creator.<\/p>\n<p><strong>In third place<\/strong> comes the workability of wood, which brings countless possibilities and lends itself with the same mastery to the construction of buildings, bridges, boats, musical instruments, pieces of furniture, sculptures, engravings, toys, games, etc. And beyond everything we can attribute to this rich and complex material, nature still opens up to us, with its limitless generosity, the possibility of rescuing lost values of mutual human\/environment cooperation, of encouraging conscious production and consumption. of durable, non-toxic and biodegradable goods and the work of the craftsman who handles wood with love and sympathy<\/p>\n<\/blockquote>\n<h2><strong>Design and Production<\/strong><\/h2>\n<blockquote>\n<p>Design and sustainability are inseparable, in my opinion, but this idea really lost its intrinsic obligation after the industrial revolution.<\/p>\n<p>The guilds, or artisan workshops, brought this association in an intuitive, natural way, the subject was not talked about, because it was already part of everyday life, but the race for productivity and consumption as supports of modern societies took us away from harmonious relationships with nature. , placing ourselves above the environment, as if we could direct it or even devastate it without suffering the consequences of our own actions.<\/p>\n<p>In my work, I try to learn daily to rescue what was once natural to us, respect for nature of which we are only a small part, and I do this through the conscious use of one of the few renewable raw materials we have, wood, seeking to acquire it from sustainable sources, and through handling in the workshop in order to rescue traditional carpentry techniques and the production of pieces with greater longevity, which can last for generations, discouraging rampant consumption.<\/p>\n<p>Nature is my great source of inspiration, water, the movement of clouds, the course of a river, the sinuosity of a tree branch. And there were some creators over time who were able to transpose their vision of nature into their works, such as Gaudi, Frank Lloyd Wright, Tapio Wirkala, among others.<\/p>\n<\/blockquote>\n<!-- \/wp:spacer --><!-- wp:block {\"ref\":1431} \/--><\/div><\/div><\/div><\/div><\/div><\/div><\/div><\/div>","protected":false},"excerpt":{"rendered":"<p>Meu trabalho, ou minha busca profissional e pessoal ao longo dos anos se retrata em ess\u00eancia nas considera\u00e7\u00f5es abaixo A Busca O aprimoramento t\u00e9cnico e o desenvolvimento pessoal art\u00edstico cont\u00ednuo, que viabilizem manipula\u00e7\u00f5es mais precisas na composi\u00e7\u00e3o das pe\u00e7as elaboradas, com melhor compreens\u00e3o das caracter\u00edsticas intr\u00ednsecas da mat\u00e9ria prima escolhida, garantindo uma explora\u00e7\u00e3o mais consciente&hellip;<\/p>","protected":false},"author":1,"featured_media":0,"parent":0,"menu_order":0,"comment_status":"closed","ping_status":"closed","template":"","meta":{"_vp_format_video_url":"","_vp_image_focal_point":[]},"acf":[],"yoast_head":"<!-- This site is optimized with the Yoast SEO plugin v20.13 - https:\/\/yoast.com\/wordpress\/plugins\/seo\/ -->\n<title>Julia Krantz - Ateli\u00ea Julia Krantz<\/title>\n<meta name=\"description\" content=\"Julia Krantz procura em seu trabalho aprender diariamente a resgatar o que foi natural um dia, o respeito pela natureza da qual somos somente uma pequena parte, e faz isso atrav\u00e9s do uso consciente de uma das poucas mat\u00e9rias primas renov\u00e1veis de que dispomos, a madeira.\" \/>\n<meta name=\"robots\" content=\"index, follow, max-snippet:-1, max-image-preview:large, max-video-preview:-1\" \/>\n<link rel=\"canonical\" href=\"https:\/\/juliakrantz.com.br\/en\/julia-krantz\/\" \/>\n<meta property=\"og:locale\" content=\"en_GB\" \/>\n<meta property=\"og:type\" content=\"article\" \/>\n<meta property=\"og:title\" content=\"Julia Krantz - Ateli\u00ea Julia Krantz\" \/>\n<meta property=\"og:description\" content=\"Julia Krantz procura em seu trabalho aprender diariamente a resgatar o que foi natural um dia, o respeito pela natureza da qual somos somente uma pequena parte, e faz isso atrav\u00e9s do uso consciente de uma das poucas mat\u00e9rias primas renov\u00e1veis de que dispomos, a madeira.\" \/>\n<meta property=\"og:url\" content=\"https:\/\/juliakrantz.com.br\/en\/julia-krantz\/\" \/>\n<meta property=\"og:site_name\" content=\"Ateli\u00ea Julia Krantz\" \/>\n<meta property=\"article:publisher\" content=\"https:\/\/www.facebook.com\/ateliejuliakrantz\/\" \/>\n<meta property=\"article:modified_time\" content=\"2023-11-15T22:47:26+00:00\" \/>\n<meta name=\"twitter:card\" content=\"summary_large_image\" \/>\n<meta name=\"twitter:label1\" content=\"Estimated reading time\" \/>\n\t<meta name=\"twitter:data1\" content=\"1 minute\" \/>\n<script type=\"application\/ld+json\" class=\"yoast-schema-graph\">{\"@context\":\"https:\/\/schema.org\",\"@graph\":[{\"@type\":\"WebPage\",\"@id\":\"https:\/\/juliakrantz.com.br\/julia-krantz\/\",\"url\":\"https:\/\/juliakrantz.com.br\/julia-krantz\/\",\"name\":\"Julia Krantz - Ateli\u00ea Julia Krantz\",\"isPartOf\":{\"@id\":\"https:\/\/juliakrantz.com.br\/#website\"},\"datePublished\":\"2015-04-24T15:14:08+00:00\",\"dateModified\":\"2023-11-15T22:47:26+00:00\",\"description\":\"Julia Krantz procura em seu trabalho aprender diariamente a resgatar o que foi natural um dia, o respeito pela natureza da qual somos somente uma pequena parte, e faz isso atrav\u00e9s do uso consciente de uma das poucas mat\u00e9rias primas renov\u00e1veis de que dispomos, a madeira.\",\"breadcrumb\":{\"@id\":\"https:\/\/juliakrantz.com.br\/julia-krantz\/#breadcrumb\"},\"inLanguage\":\"en-GB\",\"potentialAction\":[{\"@type\":\"ReadAction\",\"target\":[\"https:\/\/juliakrantz.com.br\/julia-krantz\/\"]}]},{\"@type\":\"BreadcrumbList\",\"@id\":\"https:\/\/juliakrantz.com.br\/julia-krantz\/#breadcrumb\",\"itemListElement\":[{\"@type\":\"ListItem\",\"position\":1,\"name\":\"In\u00edcio\",\"item\":\"https:\/\/juliakrantz.com.br\/\"},{\"@type\":\"ListItem\",\"position\":2,\"name\":\"Julia Krantz\"}]},{\"@type\":\"WebSite\",\"@id\":\"https:\/\/juliakrantz.com.br\/#website\",\"url\":\"https:\/\/juliakrantz.com.br\/\",\"name\":\"Ateli\u00ea Julia Krantz\",\"description\":\"\",\"publisher\":{\"@id\":\"https:\/\/juliakrantz.com.br\/#organization\"},\"potentialAction\":[{\"@type\":\"SearchAction\",\"target\":{\"@type\":\"EntryPoint\",\"urlTemplate\":\"https:\/\/juliakrantz.com.br\/?s={search_term_string}\"},\"query-input\":\"required name=search_term_string\"}],\"inLanguage\":\"en-GB\"},{\"@type\":\"Organization\",\"@id\":\"https:\/\/juliakrantz.com.br\/#organization\",\"name\":\"Ateli\u00ea Julia Krantz\",\"url\":\"https:\/\/juliakrantz.com.br\/\",\"logo\":{\"@type\":\"ImageObject\",\"inLanguage\":\"en-GB\",\"@id\":\"https:\/\/juliakrantz.com.br\/#\/schema\/logo\/image\/\",\"url\":\"https:\/\/juliakrantz.com.br\/wp-content\/uploads\/2015\/08\/cropped-cropped-cropped-cropped-cropped-logo-Julia-Krantz-2.png\",\"contentUrl\":\"https:\/\/juliakrantz.com.br\/wp-content\/uploads\/2015\/08\/cropped-cropped-cropped-cropped-cropped-logo-Julia-Krantz-2.png\",\"width\":150,\"height\":254,\"caption\":\"Ateli\u00ea Julia Krantz\"},\"image\":{\"@id\":\"https:\/\/juliakrantz.com.br\/#\/schema\/logo\/image\/\"},\"sameAs\":[\"https:\/\/www.facebook.com\/ateliejuliakrantz\/\",\"https:\/\/www.linkedin.com\/in\/julia-krantz\/\",\"https:\/\/www.instagram.com\/ateliejuliakrantz\/\"]}]}<\/script>\n<!-- \/ Yoast SEO plugin. -->","yoast_head_json":{"title":"Julia Krantz - Ateli\u00ea Julia Krantz","description":"Julia Krantz procura em seu trabalho aprender diariamente a resgatar o que foi natural um dia, o respeito pela natureza da qual somos somente uma pequena parte, e faz isso atrav\u00e9s do uso consciente de uma das poucas mat\u00e9rias primas renov\u00e1veis de que dispomos, a madeira.","robots":{"index":"index","follow":"follow","max-snippet":"max-snippet:-1","max-image-preview":"max-image-preview:large","max-video-preview":"max-video-preview:-1"},"canonical":"https:\/\/juliakrantz.com.br\/en\/julia-krantz\/","og_locale":"en_GB","og_type":"article","og_title":"Julia Krantz - Ateli\u00ea Julia Krantz","og_description":"Julia Krantz procura em seu trabalho aprender diariamente a resgatar o que foi natural um dia, o respeito pela natureza da qual somos somente uma pequena parte, e faz isso atrav\u00e9s do uso consciente de uma das poucas mat\u00e9rias primas renov\u00e1veis de que dispomos, a madeira.","og_url":"https:\/\/juliakrantz.com.br\/en\/julia-krantz\/","og_site_name":"Ateli\u00ea Julia Krantz","article_publisher":"https:\/\/www.facebook.com\/ateliejuliakrantz\/","article_modified_time":"2023-11-15T22:47:26+00:00","twitter_card":"summary_large_image","twitter_misc":{"Estimated reading time":"1 minute"},"schema":{"@context":"https:\/\/schema.org","@graph":[{"@type":"WebPage","@id":"https:\/\/juliakrantz.com.br\/julia-krantz\/","url":"https:\/\/juliakrantz.com.br\/julia-krantz\/","name":"Julia Krantz - Ateli\u00ea Julia Krantz","isPartOf":{"@id":"https:\/\/juliakrantz.com.br\/#website"},"datePublished":"2015-04-24T15:14:08+00:00","dateModified":"2023-11-15T22:47:26+00:00","description":"Julia Krantz procura em seu trabalho aprender diariamente a resgatar o que foi natural um dia, o respeito pela natureza da qual somos somente uma pequena parte, e faz isso atrav\u00e9s do uso consciente de uma das poucas mat\u00e9rias primas renov\u00e1veis de que dispomos, a madeira.","breadcrumb":{"@id":"https:\/\/juliakrantz.com.br\/julia-krantz\/#breadcrumb"},"inLanguage":"en-GB","potentialAction":[{"@type":"ReadAction","target":["https:\/\/juliakrantz.com.br\/julia-krantz\/"]}]},{"@type":"BreadcrumbList","@id":"https:\/\/juliakrantz.com.br\/julia-krantz\/#breadcrumb","itemListElement":[{"@type":"ListItem","position":1,"name":"In\u00edcio","item":"https:\/\/juliakrantz.com.br\/"},{"@type":"ListItem","position":2,"name":"Julia Krantz"}]},{"@type":"WebSite","@id":"https:\/\/juliakrantz.com.br\/#website","url":"https:\/\/juliakrantz.com.br\/","name":"Ateli\u00ea Julia Krantz","description":"","publisher":{"@id":"https:\/\/juliakrantz.com.br\/#organization"},"potentialAction":[{"@type":"SearchAction","target":{"@type":"EntryPoint","urlTemplate":"https:\/\/juliakrantz.com.br\/?s={search_term_string}"},"query-input":"required name=search_term_string"}],"inLanguage":"en-GB"},{"@type":"Organization","@id":"https:\/\/juliakrantz.com.br\/#organization","name":"Ateli\u00ea Julia Krantz","url":"https:\/\/juliakrantz.com.br\/","logo":{"@type":"ImageObject","inLanguage":"en-GB","@id":"https:\/\/juliakrantz.com.br\/#\/schema\/logo\/image\/","url":"https:\/\/juliakrantz.com.br\/wp-content\/uploads\/2015\/08\/cropped-cropped-cropped-cropped-cropped-logo-Julia-Krantz-2.png","contentUrl":"https:\/\/juliakrantz.com.br\/wp-content\/uploads\/2015\/08\/cropped-cropped-cropped-cropped-cropped-logo-Julia-Krantz-2.png","width":150,"height":254,"caption":"Ateli\u00ea Julia Krantz"},"image":{"@id":"https:\/\/juliakrantz.com.br\/#\/schema\/logo\/image\/"},"sameAs":["https:\/\/www.facebook.com\/ateliejuliakrantz\/","https:\/\/www.linkedin.com\/in\/julia-krantz\/","https:\/\/www.instagram.com\/ateliejuliakrantz\/"]}]}},"_links":{"self":[{"href":"https:\/\/juliakrantz.com.br\/en\/wp-json\/wp\/v2\/pages\/148"}],"collection":[{"href":"https:\/\/juliakrantz.com.br\/en\/wp-json\/wp\/v2\/pages"}],"about":[{"href":"https:\/\/juliakrantz.com.br\/en\/wp-json\/wp\/v2\/types\/page"}],"author":[{"embeddable":true,"href":"https:\/\/juliakrantz.com.br\/en\/wp-json\/wp\/v2\/users\/1"}],"replies":[{"embeddable":true,"href":"https:\/\/juliakrantz.com.br\/en\/wp-json\/wp\/v2\/comments?post=148"}],"version-history":[{"count":65,"href":"https:\/\/juliakrantz.com.br\/en\/wp-json\/wp\/v2\/pages\/148\/revisions"}],"predecessor-version":[{"id":1642,"href":"https:\/\/juliakrantz.com.br\/en\/wp-json\/wp\/v2\/pages\/148\/revisions\/1642"}],"wp:attachment":[{"href":"https:\/\/juliakrantz.com.br\/en\/wp-json\/wp\/v2\/media?parent=148"}],"curies":[{"name":"wp","href":"https:\/\/api.w.org\/{rel}","templated":true}]}}