{"id":1463,"date":"2023-01-17T01:33:32","date_gmt":"2023-01-17T01:33:32","guid":{"rendered":"https:\/\/juliakrantz.com.br\/portfolio\/"},"modified":"2023-08-19T02:16:16","modified_gmt":"2023-08-19T02:16:16","slug":"portfolio","status":"publish","type":"page","link":"https:\/\/juliakrantz.com.br\/en\/portfolio\/","title":{"rendered":"Portfolio"},"content":{"rendered":"<div class=\"wp-block-visual-portfolio\">\n<div class=\"vp-portfolio vp-uid-ca985c66 vp-id-b5aef7e2\"\n    data-vp-layout=\"tiles\" data-vp-content-source=\"post-based\" data-vp-items-style=\"fade\" data-vp-items-click-action=\"url\" data-vp-items-gap=\"30\" data-vp-items-gap-vertical=\"\" data-vp-pagination=\"paged\" data-vp-next-page-url=\"\" data-vp-tiles-type=\"3|1,1|\" >\n    <div class=\"vp-portfolio__preloader-wrap\">\n        <div class=\"vp-portfolio__preloader\">\n            <img decoding=\"async\" loading=\"eager\" src=\"https:\/\/juliakrantz.com.br\/wp-content\/plugins\/visual-portfolio\/assets\/images\/logo-dark.svg\" alt=\"Visual Portfolio, Posts &amp; Image Gallery for WordPress\" width=\"20\" height=\"20\" data-skip-lazy>\n        <\/div>\n    <\/div>\n        <div class=\"vp-portfolio__items-wrap\">\n            \n<div class=\"vp-portfolio__items vp-portfolio__items-style-fade vp-portfolio__items-show-overlay-hover\">\n\n        <article        class=\"vp-portfolio__item-wrap post-848 page type-page status-publish hentry vp-portfolio__item-uid-de60c337\" data-vp-filter=\"\"         >\n                                    <figure class=\"vp-portfolio__item\">\n                \n<div class=\"vp-portfolio__item-img-wrap\">\n    <div class=\"vp-portfolio__item-img\">\n            <a\n        href=\"https:\/\/juliakrantz.com.br\/en\/\"\n            >\n    \n        \n        <\/a>    <\/div>\n<\/div>\n\n<figcaption class=\"vp-portfolio__item-overlay vp-portfolio__item-overlay-text-align-center\">\n    <div class=\"vp-portfolio__item-meta-wrap vp-portfolio__custom-scrollbar\">\n            <a\n        href=\"https:\/\/juliakrantz.com.br\/en\/\"\n        tabindex=\"-1\" class=\"vp-portfolio__item-meta\"     >\n    \n        \n<h2 class=\"vp-portfolio__item-meta-title\">\n    Ateli\u00ea Julia Krantz<\/h2>\n\n        <\/a>    <\/div>\n<\/figcaption>\n            <\/figure>\n                    <\/article>\n        \n<\/div>\n        <\/div>\n                <div class=\"vp-portfolio__layout-elements vp-portfolio__layout-elements-bottom vp-portfolio__layout-elements-align-center\">\n                <div class=\"vp-portfolio__pagination-wrap\">\n                <\/div>\n                <\/div>\n        \n<\/div>\n<\/div>","protected":false},"excerpt":{"rendered":"","protected":false},"author":1,"featured_media":0,"parent":0,"menu_order":0,"comment_status":"closed","ping_status":"closed","template":"","meta":{"_vp_format_video_url":"","_vp_image_focal_point":[]},"acf":[],"yoast_head":"<!-- This site is optimized with the Yoast SEO plugin v20.13 - https:\/\/yoast.com\/wordpress\/plugins\/seo\/ -->\n<title>Portfolio - Ateli\u00ea Julia Krantz<\/title>\n<meta name=\"description\" content=\"portfolio \u00e9 o coletivo das pe\u00e7as do Ateli\u00ea Julia Krantz, composto por poltronas, cadeiras, objetos de decora\u00e7\u00e3o, mesas entre outros.\" \/>\n<meta name=\"robots\" content=\"index, follow, max-snippet:-1, max-image-preview:large, max-video-preview:-1\" \/>\n<link rel=\"canonical\" href=\"https:\/\/juliakrantz.com.br\/en\/portfolio\/\" \/>\n<meta property=\"og:locale\" content=\"en_GB\" \/>\n<meta property=\"og:type\" content=\"article\" \/>\n<meta property=\"og:title\" content=\"Portfolio - Ateli\u00ea Julia Krantz\" \/>\n<meta property=\"og:description\" content=\"portfolio \u00e9 o coletivo das pe\u00e7as do Ateli\u00ea Julia Krantz, composto por poltronas, cadeiras, objetos de decora\u00e7\u00e3o, mesas entre outros.\" \/>\n<meta property=\"og:url\" content=\"https:\/\/juliakrantz.com.br\/en\/portfolio\/\" \/>\n<meta property=\"og:site_name\" content=\"Ateli\u00ea Julia Krantz\" \/>\n<meta property=\"article:publisher\" content=\"https:\/\/www.facebook.com\/ateliejuliakrantz\/\" \/>\n<meta property=\"article:modified_time\" content=\"2023-08-19T02:16:16+00:00\" \/>\n<meta name=\"twitter:card\" content=\"summary_large_image\" \/>\n<script type=\"application\/ld+json\" class=\"yoast-schema-graph\">{\"@context\":\"https:\/\/schema.org\",\"@graph\":[{\"@type\":\"WebPage\",\"@id\":\"https:\/\/juliakrantz.com.br\/portfolio\/\",\"url\":\"https:\/\/juliakrantz.com.br\/portfolio\/\",\"name\":\"Portfolio - Ateli\u00ea Julia Krantz\",\"isPartOf\":{\"@id\":\"https:\/\/juliakrantz.com.br\/#website\"},\"datePublished\":\"2023-01-17T01:33:32+00:00\",\"dateModified\":\"2023-08-19T02:16:16+00:00\",\"description\":\"portfolio \u00e9 o coletivo das pe\u00e7as do Ateli\u00ea Julia Krantz, composto por poltronas, cadeiras, objetos de decora\u00e7\u00e3o, mesas entre outros.\",\"breadcrumb\":{\"@id\":\"https:\/\/juliakrantz.com.br\/portfolio\/#breadcrumb\"},\"inLanguage\":\"en-GB\",\"potentialAction\":[{\"@type\":\"ReadAction\",\"target\":[\"https:\/\/juliakrantz.com.br\/portfolio\/\"]}]},{\"@type\":\"BreadcrumbList\",\"@id\":\"https:\/\/juliakrantz.com.br\/portfolio\/#breadcrumb\",\"itemListElement\":[{\"@type\":\"ListItem\",\"position\":1,\"name\":\"In\u00edcio\",\"item\":\"https:\/\/juliakrantz.com.br\/\"},{\"@type\":\"ListItem\",\"position\":2,\"name\":\"Portfolio\"}]},{\"@type\":\"WebSite\",\"@id\":\"https:\/\/juliakrantz.com.br\/#website\",\"url\":\"https:\/\/juliakrantz.com.br\/\",\"name\":\"Ateli\u00ea Julia Krantz\",\"description\":\"\",\"publisher\":{\"@id\":\"https:\/\/juliakrantz.com.br\/#organization\"},\"potentialAction\":[{\"@type\":\"SearchAction\",\"target\":{\"@type\":\"EntryPoint\",\"urlTemplate\":\"https:\/\/juliakrantz.com.br\/?s={search_term_string}\"},\"query-input\":\"required name=search_term_string\"}],\"inLanguage\":\"en-GB\"},{\"@type\":\"Organization\",\"@id\":\"https:\/\/juliakrantz.com.br\/#organization\",\"name\":\"Ateli\u00ea Julia Krantz\",\"url\":\"https:\/\/juliakrantz.com.br\/\",\"logo\":{\"@type\":\"ImageObject\",\"inLanguage\":\"en-GB\",\"@id\":\"https:\/\/juliakrantz.com.br\/#\/schema\/logo\/image\/\",\"url\":\"https:\/\/juliakrantz.com.br\/wp-content\/uploads\/2015\/08\/cropped-cropped-cropped-cropped-cropped-logo-Julia-Krantz-2.png\",\"contentUrl\":\"https:\/\/juliakrantz.com.br\/wp-content\/uploads\/2015\/08\/cropped-cropped-cropped-cropped-cropped-logo-Julia-Krantz-2.png\",\"width\":150,\"height\":254,\"caption\":\"Ateli\u00ea Julia Krantz\"},\"image\":{\"@id\":\"https:\/\/juliakrantz.com.br\/#\/schema\/logo\/image\/\"},\"sameAs\":[\"https:\/\/www.facebook.com\/ateliejuliakrantz\/\",\"https:\/\/www.linkedin.com\/in\/julia-krantz\/\",\"https:\/\/www.instagram.com\/ateliejuliakrantz\/\"]}]}<\/script>\n<!-- \/ Yoast SEO plugin. -->","yoast_head_json":{"title":"Portfolio - Ateli\u00ea Julia Krantz","description":"portfolio \u00e9 o coletivo das pe\u00e7as do Ateli\u00ea Julia Krantz, composto por poltronas, cadeiras, objetos de decora\u00e7\u00e3o, mesas entre outros.","robots":{"index":"index","follow":"follow","max-snippet":"max-snippet:-1","max-image-preview":"max-image-preview:large","max-video-preview":"max-video-preview:-1"},"canonical":"https:\/\/juliakrantz.com.br\/en\/portfolio\/","og_locale":"en_GB","og_type":"article","og_title":"Portfolio - Ateli\u00ea Julia Krantz","og_description":"portfolio \u00e9 o coletivo das pe\u00e7as do Ateli\u00ea Julia Krantz, composto por poltronas, cadeiras, objetos de decora\u00e7\u00e3o, mesas entre outros.","og_url":"https:\/\/juliakrantz.com.br\/en\/portfolio\/","og_site_name":"Ateli\u00ea Julia Krantz","article_publisher":"https:\/\/www.facebook.com\/ateliejuliakrantz\/","article_modified_time":"2023-08-19T02:16:16+00:00","twitter_card":"summary_large_image","schema":{"@context":"https:\/\/schema.org","@graph":[{"@type":"WebPage","@id":"https:\/\/juliakrantz.com.br\/portfolio\/","url":"https:\/\/juliakrantz.com.br\/portfolio\/","name":"Portfolio - Ateli\u00ea Julia Krantz","isPartOf":{"@id":"https:\/\/juliakrantz.com.br\/#website"},"datePublished":"2023-01-17T01:33:32+00:00","dateModified":"2023-08-19T02:16:16+00:00","description":"portfolio \u00e9 o coletivo das pe\u00e7as do Ateli\u00ea Julia Krantz, composto por poltronas, cadeiras, objetos de decora\u00e7\u00e3o, mesas entre outros.","breadcrumb":{"@id":"https:\/\/juliakrantz.com.br\/portfolio\/#breadcrumb"},"inLanguage":"en-GB","potentialAction":[{"@type":"ReadAction","target":["https:\/\/juliakrantz.com.br\/portfolio\/"]}]},{"@type":"BreadcrumbList","@id":"https:\/\/juliakrantz.com.br\/portfolio\/#breadcrumb","itemListElement":[{"@type":"ListItem","position":1,"name":"In\u00edcio","item":"https:\/\/juliakrantz.com.br\/"},{"@type":"ListItem","position":2,"name":"Portfolio"}]},{"@type":"WebSite","@id":"https:\/\/juliakrantz.com.br\/#website","url":"https:\/\/juliakrantz.com.br\/","name":"Ateli\u00ea Julia Krantz","description":"","publisher":{"@id":"https:\/\/juliakrantz.com.br\/#organization"},"potentialAction":[{"@type":"SearchAction","target":{"@type":"EntryPoint","urlTemplate":"https:\/\/juliakrantz.com.br\/?s={search_term_string}"},"query-input":"required name=search_term_string"}],"inLanguage":"en-GB"},{"@type":"Organization","@id":"https:\/\/juliakrantz.com.br\/#organization","name":"Ateli\u00ea Julia Krantz","url":"https:\/\/juliakrantz.com.br\/","logo":{"@type":"ImageObject","inLanguage":"en-GB","@id":"https:\/\/juliakrantz.com.br\/#\/schema\/logo\/image\/","url":"https:\/\/juliakrantz.com.br\/wp-content\/uploads\/2015\/08\/cropped-cropped-cropped-cropped-cropped-logo-Julia-Krantz-2.png","contentUrl":"https:\/\/juliakrantz.com.br\/wp-content\/uploads\/2015\/08\/cropped-cropped-cropped-cropped-cropped-logo-Julia-Krantz-2.png","width":150,"height":254,"caption":"Ateli\u00ea Julia Krantz"},"image":{"@id":"https:\/\/juliakrantz.com.br\/#\/schema\/logo\/image\/"},"sameAs":["https:\/\/www.facebook.com\/ateliejuliakrantz\/","https:\/\/www.linkedin.com\/in\/julia-krantz\/","https:\/\/www.instagram.com\/ateliejuliakrantz\/"]}]}},"_links":{"self":[{"href":"https:\/\/juliakrantz.com.br\/en\/wp-json\/wp\/v2\/pages\/1463"}],"collection":[{"href":"https:\/\/juliakrantz.com.br\/en\/wp-json\/wp\/v2\/pages"}],"about":[{"href":"https:\/\/juliakrantz.com.br\/en\/wp-json\/wp\/v2\/types\/page"}],"author":[{"embeddable":true,"href":"https:\/\/juliakrantz.com.br\/en\/wp-json\/wp\/v2\/users\/1"}],"replies":[{"embeddable":true,"href":"https:\/\/juliakrantz.com.br\/en\/wp-json\/wp\/v2\/comments?post=1463"}],"version-history":[{"count":1,"href":"https:\/\/juliakrantz.com.br\/en\/wp-json\/wp\/v2\/pages\/1463\/revisions"}],"predecessor-version":[{"id":1464,"href":"https:\/\/juliakrantz.com.br\/en\/wp-json\/wp\/v2\/pages\/1463\/revisions\/1464"}],"wp:attachment":[{"href":"https:\/\/juliakrantz.com.br\/en\/wp-json\/wp\/v2\/media?parent=1463"}],"curies":[{"name":"wp","href":"https:\/\/api.w.org\/{rel}","templated":true}]}}