{"id":1186,"date":"2021-04-26T07:19:59","date_gmt":"2021-04-26T07:19:59","guid":{"rendered":"https:\/\/juliakrantz.com.br\/?page_id=1186"},"modified":"2023-12-07T21:01:55","modified_gmt":"2023-12-07T21:01:55","slug":"esculturas","status":"publish","type":"page","link":"https:\/\/juliakrantz.com.br\/en\/pecas\/esculturas\/","title":{"rendered":"Sculptures"},"content":{"rendered":"<div\n         class=\"wp-block-visual-portfolio alignwide\"        >\n            \n<div class=\"vp-portfolio vp-uid-bd6e0c60 vp-id-1158\"\n    data-vp-layout=\"tiles\" data-vp-content-source=\"post-based\" data-vp-items-style=\"fade\" data-vp-items-click-action=\"url\" data-vp-items-gap=\"15\" data-vp-items-gap-vertical=\"\" data-vp-pagination=\"infinite\" data-vp-next-page-url=\"https:\/\/juliakrantz.com.br\/en\/wp-json\/wp\/v2\/pages\/1186?vp_page=2\" data-vp-tiles-type=\"3|1,1|\" >\n    <div class=\"vp-portfolio__preloader-wrap\">\n        <div class=\"vp-portfolio__preloader\">\n            <img decoding=\"async\" loading=\"eager\" src=\"https:\/\/juliakrantz.com.br\/wp-content\/plugins\/visual-portfolio\/assets\/images\/logo-dark.svg\" alt=\"Visual Portfolio, Posts &amp; Image Gallery for WordPress\" width=\"20\" height=\"20\" data-skip-lazy>\n        <\/div>\n    <\/div>\n        <div class=\"vp-portfolio__items-wrap\">\n            \n<div class=\"vp-portfolio__items vp-portfolio__items-style-fade vp-portfolio__items-show-overlay-hover\">\n\n        <article        class=\"vp-portfolio__item-wrap post-1590 portfolio type-portfolio status-publish format-standard has-post-thumbnail hentry portfolio_category-escultura portfolio_tag-amonita portfolio_tag-ver-usar vp-portfolio__item-uid-29690e11\" data-vp-filter=\"escultura\"         >\n                                    <figure class=\"vp-portfolio__item\">\n                \n<div class=\"vp-portfolio__item-img-wrap\">\n    <div class=\"vp-portfolio__item-img\">\n            <a\n        href=\"https:\/\/juliakrantz.com.br\/en\/portfolio\/amonita\/\"\n            >\n    \n        <img decoding=\"async\" width=\"1920\" height=\"1282\" src=\"https:\/\/juliakrantz.com.br\/wp-content\/uploads\/2023\/08\/Amonita-1920x1282.jpg\" class=\"wp-image-1596\" alt=\"Amonita\" loading=\"lazy\" srcset=\"https:\/\/juliakrantz.com.br\/wp-content\/uploads\/2023\/08\/Amonita-1920x1282.jpg 1920w, https:\/\/juliakrantz.com.br\/wp-content\/uploads\/2023\/08\/Amonita-300x200.jpg 300w, https:\/\/juliakrantz.com.br\/wp-content\/uploads\/2023\/08\/Amonita-1024x684.jpg 1024w, https:\/\/juliakrantz.com.br\/wp-content\/uploads\/2023\/08\/Amonita-768x513.jpg 768w, https:\/\/juliakrantz.com.br\/wp-content\/uploads\/2023\/08\/Amonita-1536x1025.jpg 1536w, https:\/\/juliakrantz.com.br\/wp-content\/uploads\/2023\/08\/Amonita-500x334.jpg 500w, https:\/\/juliakrantz.com.br\/wp-content\/uploads\/2023\/08\/Amonita-800x534.jpg 800w, https:\/\/juliakrantz.com.br\/wp-content\/uploads\/2023\/08\/Amonita-1280x854.jpg 1280w, https:\/\/juliakrantz.com.br\/wp-content\/uploads\/2023\/08\/Amonita-1080x721.jpg 1080w, https:\/\/juliakrantz.com.br\/wp-content\/uploads\/2023\/08\/Amonita.jpg 2000w\" sizes=\"(max-width: 1920px) 100vw, 1920px\" \/>\n        <\/a>    <\/div>\n<\/div>\n\n<figcaption class=\"vp-portfolio__item-overlay vp-portfolio__item-overlay-text-align-center\">\n    <div class=\"vp-portfolio__item-meta-wrap vp-portfolio__custom-scrollbar\">\n            <a\n        href=\"https:\/\/juliakrantz.com.br\/en\/portfolio\/amonita\/\"\n        tabindex=\"-1\" class=\"vp-portfolio__item-meta\"     >\n    \n        \n<div class=\"vp-portfolio__item-meta-categories\">\n            <div class=\"vp-portfolio__item-meta-category\">\n                <span            >\n    Sculptures<\/span>        <\/div>\n        <\/div>\n\n<h2 class=\"vp-portfolio__item-meta-title\">\n    Ammonites<\/h2>\n\n        <\/a>    <\/div>\n<\/figcaption>\n            <\/figure>\n                    <\/article>\n        \n        <article        class=\"vp-portfolio__item-wrap post-1548 portfolio type-portfolio status-publish format-standard has-post-thumbnail hentry portfolio_category-escultura portfolio_tag-ver-usar vp-portfolio__item-uid-921cf86e\" data-vp-filter=\"escultura\"         >\n                                    <figure class=\"vp-portfolio__item\">\n                \n<div class=\"vp-portfolio__item-img-wrap\">\n    <div class=\"vp-portfolio__item-img\">\n            <a\n        href=\"https:\/\/juliakrantz.com.br\/en\/portfolio\/rhizophora\/\"\n            >\n    \n        <img decoding=\"async\" width=\"1920\" height=\"1282\" src=\"https:\/\/juliakrantz.com.br\/wp-content\/uploads\/2023\/08\/Rhizophora-1920x1282.jpg\" class=\"wp-image-1553\" alt=\"Rhizophora\" loading=\"lazy\" srcset=\"https:\/\/juliakrantz.com.br\/wp-content\/uploads\/2023\/08\/Rhizophora-1920x1282.jpg 1920w, https:\/\/juliakrantz.com.br\/wp-content\/uploads\/2023\/08\/Rhizophora-300x200.jpg 300w, https:\/\/juliakrantz.com.br\/wp-content\/uploads\/2023\/08\/Rhizophora-1024x684.jpg 1024w, https:\/\/juliakrantz.com.br\/wp-content\/uploads\/2023\/08\/Rhizophora-768x513.jpg 768w, https:\/\/juliakrantz.com.br\/wp-content\/uploads\/2023\/08\/Rhizophora-1536x1025.jpg 1536w, https:\/\/juliakrantz.com.br\/wp-content\/uploads\/2023\/08\/Rhizophora-500x334.jpg 500w, https:\/\/juliakrantz.com.br\/wp-content\/uploads\/2023\/08\/Rhizophora-800x534.jpg 800w, https:\/\/juliakrantz.com.br\/wp-content\/uploads\/2023\/08\/Rhizophora-1280x854.jpg 1280w, https:\/\/juliakrantz.com.br\/wp-content\/uploads\/2023\/08\/Rhizophora-1080x721.jpg 1080w, https:\/\/juliakrantz.com.br\/wp-content\/uploads\/2023\/08\/Rhizophora.jpg 2000w\" sizes=\"(max-width: 1920px) 100vw, 1920px\" \/>\n        <\/a>    <\/div>\n<\/div>\n\n<figcaption class=\"vp-portfolio__item-overlay vp-portfolio__item-overlay-text-align-center\">\n    <div class=\"vp-portfolio__item-meta-wrap vp-portfolio__custom-scrollbar\">\n            <a\n        href=\"https:\/\/juliakrantz.com.br\/en\/portfolio\/rhizophora\/\"\n        tabindex=\"-1\" class=\"vp-portfolio__item-meta\"     >\n    \n        \n<div class=\"vp-portfolio__item-meta-categories\">\n            <div class=\"vp-portfolio__item-meta-category\">\n                <span            >\n    Sculptures<\/span>        <\/div>\n        <\/div>\n\n<h2 class=\"vp-portfolio__item-meta-title\">\n    Rhizophora<\/h2>\n\n        <\/a>    <\/div>\n<\/figcaption>\n            <\/figure>\n                    <\/article>\n        \n        <article        class=\"vp-portfolio__item-wrap post-1012 portfolio type-portfolio status-publish format-standard has-post-thumbnail hentry portfolio_category-escultura portfolio_tag-ver-usar vp-portfolio__item-uid-097527de\" data-vp-filter=\"escultura\" style=\"--vp-images__object-position: 48% 54%;\"         >\n                                    <figure class=\"vp-portfolio__item\">\n                \n<div class=\"vp-portfolio__item-img-wrap\">\n    <div class=\"vp-portfolio__item-img\">\n            <a\n        href=\"https:\/\/juliakrantz.com.br\/en\/portfolio\/mosquelha\/\"\n            >\n    \n        <img decoding=\"async\" width=\"1920\" height=\"1282\" src=\"https:\/\/juliakrantz.com.br\/wp-content\/uploads\/2021\/03\/MOsquelha.jpg\" class=\"wp-image-1017\" alt=\"\" loading=\"lazy\" srcset=\"https:\/\/juliakrantz.com.br\/wp-content\/uploads\/2021\/03\/MOsquelha.jpg 2000w, https:\/\/juliakrantz.com.br\/wp-content\/uploads\/2021\/03\/MOsquelha-300x200.jpg 300w, https:\/\/juliakrantz.com.br\/wp-content\/uploads\/2021\/03\/MOsquelha-1024x684.jpg 1024w, https:\/\/juliakrantz.com.br\/wp-content\/uploads\/2021\/03\/MOsquelha-768x513.jpg 768w, https:\/\/juliakrantz.com.br\/wp-content\/uploads\/2021\/03\/MOsquelha-1536x1025.jpg 1536w\" sizes=\"(max-width: 1920px) 100vw, 1920px\" \/>\n        <\/a>    <\/div>\n<\/div>\n\n<figcaption class=\"vp-portfolio__item-overlay vp-portfolio__item-overlay-text-align-center\">\n    <div class=\"vp-portfolio__item-meta-wrap vp-portfolio__custom-scrollbar\">\n            <a\n        href=\"https:\/\/juliakrantz.com.br\/en\/portfolio\/mosquelha\/\"\n        tabindex=\"-1\" class=\"vp-portfolio__item-meta\"     >\n    \n        \n<div class=\"vp-portfolio__item-meta-categories\">\n            <div class=\"vp-portfolio__item-meta-category\">\n                <span            >\n    Sculptures<\/span>        <\/div>\n        <\/div>\n\n<h2 class=\"vp-portfolio__item-meta-title\">\n    MOsquelha<\/h2>\n\n        <\/a>    <\/div>\n<\/figcaption>\n            <\/figure>\n                    <\/article>\n        \n        <article        class=\"vp-portfolio__item-wrap post-1008 portfolio type-portfolio status-publish format-standard has-post-thumbnail hentry portfolio_category-escultura portfolio_tag-ver-usar vp-portfolio__item-uid-f0bbff81\" data-vp-filter=\"escultura\"         >\n                                    <figure class=\"vp-portfolio__item\">\n                \n<div class=\"vp-portfolio__item-img-wrap\">\n    <div class=\"vp-portfolio__item-img\">\n            <a\n        href=\"https:\/\/juliakrantz.com.br\/en\/portfolio\/lacqua\/\"\n            >\n    \n        <img decoding=\"async\" width=\"1179\" height=\"2000\" src=\"https:\/\/juliakrantz.com.br\/wp-content\/uploads\/2021\/03\/lacqua-2.jpg\" class=\"wp-image-1009\" alt=\"\" loading=\"lazy\" srcset=\"https:\/\/juliakrantz.com.br\/wp-content\/uploads\/2021\/03\/lacqua-2.jpg 1179w, https:\/\/juliakrantz.com.br\/wp-content\/uploads\/2021\/03\/lacqua-2-177x300.jpg 177w, https:\/\/juliakrantz.com.br\/wp-content\/uploads\/2021\/03\/lacqua-2-604x1024.jpg 604w, https:\/\/juliakrantz.com.br\/wp-content\/uploads\/2021\/03\/lacqua-2-768x1303.jpg 768w, https:\/\/juliakrantz.com.br\/wp-content\/uploads\/2021\/03\/lacqua-2-905x1536.jpg 905w\" sizes=\"(max-width: 1179px) 100vw, 1179px\" \/>\n        <\/a>    <\/div>\n<\/div>\n\n<figcaption class=\"vp-portfolio__item-overlay vp-portfolio__item-overlay-text-align-center\">\n    <div class=\"vp-portfolio__item-meta-wrap vp-portfolio__custom-scrollbar\">\n            <a\n        href=\"https:\/\/juliakrantz.com.br\/en\/portfolio\/lacqua\/\"\n        tabindex=\"-1\" class=\"vp-portfolio__item-meta\"     >\n    \n        \n<div class=\"vp-portfolio__item-meta-categories\">\n            <div class=\"vp-portfolio__item-meta-category\">\n                <span            >\n    Sculptures<\/span>        <\/div>\n        <\/div>\n\n<h2 class=\"vp-portfolio__item-meta-title\">\n    L&#8217;acqua<\/h2>\n\n        <\/a>    <\/div>\n<\/figcaption>\n            <\/figure>\n                    <\/article>\n        \n        <article        class=\"vp-portfolio__item-wrap post-1004 portfolio type-portfolio status-publish format-standard has-post-thumbnail hentry portfolio_category-escultura portfolio_tag-ver-usar vp-portfolio__item-uid-f90db3aa\" data-vp-filter=\"escultura\"         >\n                                    <figure class=\"vp-portfolio__item\">\n                \n<div class=\"vp-portfolio__item-img-wrap\">\n    <div class=\"vp-portfolio__item-img\">\n            <a\n        href=\"https:\/\/juliakrantz.com.br\/en\/portfolio\/cade\/\"\n            >\n    \n        <img decoding=\"async\" width=\"1920\" height=\"1940\" src=\"https:\/\/juliakrantz.com.br\/wp-content\/uploads\/2021\/03\/Cade\u0302.jpg\" class=\"wp-image-1007\" alt=\"\" loading=\"lazy\" srcset=\"https:\/\/juliakrantz.com.br\/wp-content\/uploads\/2021\/03\/Cade\u0302.jpg 2000w, https:\/\/juliakrantz.com.br\/wp-content\/uploads\/2021\/03\/Cade\u0302-297x300.jpg 297w, https:\/\/juliakrantz.com.br\/wp-content\/uploads\/2021\/03\/Cade\u0302-1013x1024.jpg 1013w, https:\/\/juliakrantz.com.br\/wp-content\/uploads\/2021\/03\/Cade\u0302-768x776.jpg 768w, https:\/\/juliakrantz.com.br\/wp-content\/uploads\/2021\/03\/Cade\u0302-1520x1536.jpg 1520w, https:\/\/juliakrantz.com.br\/wp-content\/uploads\/2021\/03\/Cade\u0302-60x60.jpg 60w\" sizes=\"(max-width: 1920px) 100vw, 1920px\" \/>\n        <\/a>    <\/div>\n<\/div>\n\n<figcaption class=\"vp-portfolio__item-overlay vp-portfolio__item-overlay-text-align-center\">\n    <div class=\"vp-portfolio__item-meta-wrap vp-portfolio__custom-scrollbar\">\n            <a\n        href=\"https:\/\/juliakrantz.com.br\/en\/portfolio\/cade\/\"\n        tabindex=\"-1\" class=\"vp-portfolio__item-meta\"     >\n    \n        \n<div class=\"vp-portfolio__item-meta-categories\">\n            <div class=\"vp-portfolio__item-meta-category\">\n                <span            >\n    Sculptures<\/span>        <\/div>\n        <\/div>\n\n<h2 class=\"vp-portfolio__item-meta-title\">\n    Where is it?<\/h2>\n\n        <\/a>    <\/div>\n<\/figcaption>\n            <\/figure>\n                    <\/article>\n        \n        <article        class=\"vp-portfolio__item-wrap post-934 portfolio type-portfolio status-publish format-standard has-post-thumbnail hentry portfolio_category-escultura portfolio_tag-ver-usar vp-portfolio__item-uid-995573ec\" data-vp-filter=\"escultura\"         >\n                                    <figure class=\"vp-portfolio__item\">\n                \n<div class=\"vp-portfolio__item-img-wrap\">\n    <div class=\"vp-portfolio__item-img\">\n            <a\n        href=\"https:\/\/juliakrantz.com.br\/en\/portfolio\/riacho\/\"\n            >\n    \n        <img decoding=\"async\" width=\"1200\" height=\"801\" src=\"https:\/\/juliakrantz.com.br\/wp-content\/uploads\/2021\/02\/riacho3.jpg\" class=\"wp-image-1276\" alt=\"\" loading=\"lazy\" srcset=\"https:\/\/juliakrantz.com.br\/wp-content\/uploads\/2021\/02\/riacho3.jpg 1200w, https:\/\/juliakrantz.com.br\/wp-content\/uploads\/2021\/02\/riacho3-300x200.jpg 300w, https:\/\/juliakrantz.com.br\/wp-content\/uploads\/2021\/02\/riacho3-1024x684.jpg 1024w, https:\/\/juliakrantz.com.br\/wp-content\/uploads\/2021\/02\/riacho3-768x513.jpg 768w, https:\/\/juliakrantz.com.br\/wp-content\/uploads\/2021\/02\/riacho3-500x334.jpg 500w, https:\/\/juliakrantz.com.br\/wp-content\/uploads\/2021\/02\/riacho3-800x534.jpg 800w, https:\/\/juliakrantz.com.br\/wp-content\/uploads\/2021\/02\/riacho3-1080x721.jpg 1080w\" sizes=\"(max-width: 1200px) 100vw, 1200px\" \/>\n        <\/a>    <\/div>\n<\/div>\n\n<figcaption class=\"vp-portfolio__item-overlay vp-portfolio__item-overlay-text-align-center\">\n    <div class=\"vp-portfolio__item-meta-wrap vp-portfolio__custom-scrollbar\">\n            <a\n        href=\"https:\/\/juliakrantz.com.br\/en\/portfolio\/riacho\/\"\n        tabindex=\"-1\" class=\"vp-portfolio__item-meta\"     >\n    \n        \n<div class=\"vp-portfolio__item-meta-categories\">\n            <div class=\"vp-portfolio__item-meta-category\">\n                <span            >\n    Sculptures<\/span>        <\/div>\n        <\/div>\n\n<h2 class=\"vp-portfolio__item-meta-title\">\n    Brook<\/h2>\n\n        <\/a>    <\/div>\n<\/figcaption>\n            <\/figure>\n                    <\/article>\n        \n<\/div>\n        <\/div>\n                <div class=\"vp-portfolio__layout-elements vp-portfolio__layout-elements-bottom vp-portfolio__layout-elements-align-center\">\n                <div class=\"vp-portfolio__pagination-wrap\">\n        \n<div class=\"vp-pagination vp-pagination__style-minimal\" data-vp-pagination-type=\"infinite\">\n    <div class=\"vp-pagination__item\">\n        <a class=\"vp-pagination__load-more\" href=\"https:\/\/juliakrantz.com.br\/en\/wp-json\/wp\/v2\/pages\/1186?vp_page=2\">\n            <span>load more<\/span>\n            <span class=\"vp-pagination__load-more-loading\"><span class=\"vp-spinner\"><\/span><span class=\"vp-screen-reader-text\"> loading...<\/span><\/span>\n            <span class=\"vp-pagination__load-more-no-more\"><\/span>\n        <\/a>\n    <\/div>\n<\/div>\n        <\/div>\n                <\/div>\n        \n<\/div>\n        <\/div>\n        \n\n\n<p class=\"has-primary-color has-text-color\" style=\"font-size:12px\"><strong><img decoding=\"async\" loading=\"lazy\" width=\"80\" height=\"130\" class=\"wp-image-1145\" style=\"width: 25px;\" src=\"http:\/\/juliakrantz.com.br\/wp-content\/uploads\/2021\/04\/icone-80.png\" alt=\"\"> <\/strong><br><strong>Ateli\u00ea Julia Krantz<br><\/strong>Rua Coriolano, 71 | Vila Romana<br>05047-000 | S\u00e3o Paulo | Brasil<br><a rel=\"noreferrer noopener\" href=\"mailto:juliakrantz@juliakrantz.com.br\" target=\"_blank\">juliakrantz@juliakrantz.com.br<\/a><br><a href=\"https:\/\/api.whatsapp.com\/send?phone=5511999831162\"><img decoding=\"async\" loading=\"lazy\" width=\"50\" height=\"50\" class=\"wp-image-1149\" style=\"width: 30px;\" src=\"http:\/\/juliakrantz.com.br\/wp-content\/uploads\/2021\/04\/whatsapp-1-e1619417358519.png\" alt=\"\"><\/a><\/p>","protected":false},"excerpt":{"rendered":"","protected":false},"author":1,"featured_media":0,"parent":32,"menu_order":0,"comment_status":"closed","ping_status":"closed","template":"","meta":{"_vp_format_video_url":"","_vp_image_focal_point":[]},"acf":[],"yoast_head":"<!-- This site is optimized with the Yoast SEO plugin v20.13 - https:\/\/yoast.com\/wordpress\/plugins\/seo\/ -->\n<title>Esculturas - Ateli\u00ea Julia Krantz<\/title>\n<meta name=\"description\" content=\"sentar\/ descansar \u00e9 um grupo de pe\u00e7as do Ateli\u00ea Julia Krantz composto principalmente por cadeiras e poltronas.\" \/>\n<meta name=\"robots\" content=\"index, follow, max-snippet:-1, max-image-preview:large, max-video-preview:-1\" \/>\n<link rel=\"canonical\" href=\"https:\/\/juliakrantz.com.br\/en\/pecas\/esculturas\/\" \/>\n<meta property=\"og:locale\" content=\"en_GB\" \/>\n<meta property=\"og:type\" content=\"article\" \/>\n<meta property=\"og:title\" content=\"Esculturas - Ateli\u00ea Julia Krantz\" \/>\n<meta property=\"og:description\" content=\"sentar\/ descansar \u00e9 um grupo de pe\u00e7as do Ateli\u00ea Julia Krantz composto principalmente por cadeiras e poltronas.\" \/>\n<meta property=\"og:url\" content=\"https:\/\/juliakrantz.com.br\/en\/pecas\/esculturas\/\" \/>\n<meta property=\"og:site_name\" content=\"Ateli\u00ea Julia Krantz\" \/>\n<meta property=\"article:publisher\" content=\"https:\/\/www.facebook.com\/ateliejuliakrantz\/\" \/>\n<meta property=\"article:modified_time\" content=\"2023-12-07T21:01:55+00:00\" \/>\n<meta name=\"twitter:card\" content=\"summary_large_image\" \/>\n<script type=\"application\/ld+json\" class=\"yoast-schema-graph\">{\"@context\":\"https:\/\/schema.org\",\"@graph\":[{\"@type\":\"WebPage\",\"@id\":\"https:\/\/juliakrantz.com.br\/pecas\/esculturas\/\",\"url\":\"https:\/\/juliakrantz.com.br\/pecas\/esculturas\/\",\"name\":\"Esculturas - Ateli\u00ea Julia Krantz\",\"isPartOf\":{\"@id\":\"https:\/\/juliakrantz.com.br\/#website\"},\"datePublished\":\"2021-04-26T07:19:59+00:00\",\"dateModified\":\"2023-12-07T21:01:55+00:00\",\"description\":\"sentar\/ descansar \u00e9 um grupo de pe\u00e7as do Ateli\u00ea Julia Krantz composto principalmente por cadeiras e poltronas.\",\"breadcrumb\":{\"@id\":\"https:\/\/juliakrantz.com.br\/pecas\/esculturas\/#breadcrumb\"},\"inLanguage\":\"en-GB\",\"potentialAction\":[{\"@type\":\"ReadAction\",\"target\":[\"https:\/\/juliakrantz.com.br\/pecas\/esculturas\/\"]}]},{\"@type\":\"BreadcrumbList\",\"@id\":\"https:\/\/juliakrantz.com.br\/pecas\/esculturas\/#breadcrumb\",\"itemListElement\":[{\"@type\":\"ListItem\",\"position\":1,\"name\":\"In\u00edcio\",\"item\":\"https:\/\/juliakrantz.com.br\/\"},{\"@type\":\"ListItem\",\"position\":2,\"name\":\"Pe\u00e7as do Ateli\u00ea JK\",\"item\":\"https:\/\/juliakrantz.com.br\/pecas\/\"},{\"@type\":\"ListItem\",\"position\":3,\"name\":\"Esculturas\"}]},{\"@type\":\"WebSite\",\"@id\":\"https:\/\/juliakrantz.com.br\/#website\",\"url\":\"https:\/\/juliakrantz.com.br\/\",\"name\":\"Ateli\u00ea Julia Krantz\",\"description\":\"\",\"publisher\":{\"@id\":\"https:\/\/juliakrantz.com.br\/#organization\"},\"potentialAction\":[{\"@type\":\"SearchAction\",\"target\":{\"@type\":\"EntryPoint\",\"urlTemplate\":\"https:\/\/juliakrantz.com.br\/?s={search_term_string}\"},\"query-input\":\"required name=search_term_string\"}],\"inLanguage\":\"en-GB\"},{\"@type\":\"Organization\",\"@id\":\"https:\/\/juliakrantz.com.br\/#organization\",\"name\":\"Ateli\u00ea Julia Krantz\",\"url\":\"https:\/\/juliakrantz.com.br\/\",\"logo\":{\"@type\":\"ImageObject\",\"inLanguage\":\"en-GB\",\"@id\":\"https:\/\/juliakrantz.com.br\/#\/schema\/logo\/image\/\",\"url\":\"https:\/\/juliakrantz.com.br\/wp-content\/uploads\/2015\/08\/cropped-cropped-cropped-cropped-cropped-logo-Julia-Krantz-2.png\",\"contentUrl\":\"https:\/\/juliakrantz.com.br\/wp-content\/uploads\/2015\/08\/cropped-cropped-cropped-cropped-cropped-logo-Julia-Krantz-2.png\",\"width\":150,\"height\":254,\"caption\":\"Ateli\u00ea Julia Krantz\"},\"image\":{\"@id\":\"https:\/\/juliakrantz.com.br\/#\/schema\/logo\/image\/\"},\"sameAs\":[\"https:\/\/www.facebook.com\/ateliejuliakrantz\/\",\"https:\/\/www.linkedin.com\/in\/julia-krantz\/\",\"https:\/\/www.instagram.com\/ateliejuliakrantz\/\"]}]}<\/script>\n<!-- \/ Yoast SEO plugin. -->","yoast_head_json":{"title":"Esculturas - Ateli\u00ea Julia Krantz","description":"sentar\/ descansar \u00e9 um grupo de pe\u00e7as do Ateli\u00ea Julia Krantz composto principalmente por cadeiras e poltronas.","robots":{"index":"index","follow":"follow","max-snippet":"max-snippet:-1","max-image-preview":"max-image-preview:large","max-video-preview":"max-video-preview:-1"},"canonical":"https:\/\/juliakrantz.com.br\/en\/pecas\/esculturas\/","og_locale":"en_GB","og_type":"article","og_title":"Esculturas - Ateli\u00ea Julia Krantz","og_description":"sentar\/ descansar \u00e9 um grupo de pe\u00e7as do Ateli\u00ea Julia Krantz composto principalmente por cadeiras e poltronas.","og_url":"https:\/\/juliakrantz.com.br\/en\/pecas\/esculturas\/","og_site_name":"Ateli\u00ea Julia Krantz","article_publisher":"https:\/\/www.facebook.com\/ateliejuliakrantz\/","article_modified_time":"2023-12-07T21:01:55+00:00","twitter_card":"summary_large_image","schema":{"@context":"https:\/\/schema.org","@graph":[{"@type":"WebPage","@id":"https:\/\/juliakrantz.com.br\/pecas\/esculturas\/","url":"https:\/\/juliakrantz.com.br\/pecas\/esculturas\/","name":"Esculturas - Ateli\u00ea Julia Krantz","isPartOf":{"@id":"https:\/\/juliakrantz.com.br\/#website"},"datePublished":"2021-04-26T07:19:59+00:00","dateModified":"2023-12-07T21:01:55+00:00","description":"sentar\/ descansar \u00e9 um grupo de pe\u00e7as do Ateli\u00ea Julia Krantz composto principalmente por cadeiras e poltronas.","breadcrumb":{"@id":"https:\/\/juliakrantz.com.br\/pecas\/esculturas\/#breadcrumb"},"inLanguage":"en-GB","potentialAction":[{"@type":"ReadAction","target":["https:\/\/juliakrantz.com.br\/pecas\/esculturas\/"]}]},{"@type":"BreadcrumbList","@id":"https:\/\/juliakrantz.com.br\/pecas\/esculturas\/#breadcrumb","itemListElement":[{"@type":"ListItem","position":1,"name":"In\u00edcio","item":"https:\/\/juliakrantz.com.br\/"},{"@type":"ListItem","position":2,"name":"Pe\u00e7as do Ateli\u00ea JK","item":"https:\/\/juliakrantz.com.br\/pecas\/"},{"@type":"ListItem","position":3,"name":"Esculturas"}]},{"@type":"WebSite","@id":"https:\/\/juliakrantz.com.br\/#website","url":"https:\/\/juliakrantz.com.br\/","name":"Ateli\u00ea Julia Krantz","description":"","publisher":{"@id":"https:\/\/juliakrantz.com.br\/#organization"},"potentialAction":[{"@type":"SearchAction","target":{"@type":"EntryPoint","urlTemplate":"https:\/\/juliakrantz.com.br\/?s={search_term_string}"},"query-input":"required name=search_term_string"}],"inLanguage":"en-GB"},{"@type":"Organization","@id":"https:\/\/juliakrantz.com.br\/#organization","name":"Ateli\u00ea Julia Krantz","url":"https:\/\/juliakrantz.com.br\/","logo":{"@type":"ImageObject","inLanguage":"en-GB","@id":"https:\/\/juliakrantz.com.br\/#\/schema\/logo\/image\/","url":"https:\/\/juliakrantz.com.br\/wp-content\/uploads\/2015\/08\/cropped-cropped-cropped-cropped-cropped-logo-Julia-Krantz-2.png","contentUrl":"https:\/\/juliakrantz.com.br\/wp-content\/uploads\/2015\/08\/cropped-cropped-cropped-cropped-cropped-logo-Julia-Krantz-2.png","width":150,"height":254,"caption":"Ateli\u00ea Julia Krantz"},"image":{"@id":"https:\/\/juliakrantz.com.br\/#\/schema\/logo\/image\/"},"sameAs":["https:\/\/www.facebook.com\/ateliejuliakrantz\/","https:\/\/www.linkedin.com\/in\/julia-krantz\/","https:\/\/www.instagram.com\/ateliejuliakrantz\/"]}]}},"_links":{"self":[{"href":"https:\/\/juliakrantz.com.br\/en\/wp-json\/wp\/v2\/pages\/1186"}],"collection":[{"href":"https:\/\/juliakrantz.com.br\/en\/wp-json\/wp\/v2\/pages"}],"about":[{"href":"https:\/\/juliakrantz.com.br\/en\/wp-json\/wp\/v2\/types\/page"}],"author":[{"embeddable":true,"href":"https:\/\/juliakrantz.com.br\/en\/wp-json\/wp\/v2\/users\/1"}],"replies":[{"embeddable":true,"href":"https:\/\/juliakrantz.com.br\/en\/wp-json\/wp\/v2\/comments?post=1186"}],"version-history":[{"count":4,"href":"https:\/\/juliakrantz.com.br\/en\/wp-json\/wp\/v2\/pages\/1186\/revisions"}],"predecessor-version":[{"id":1657,"href":"https:\/\/juliakrantz.com.br\/en\/wp-json\/wp\/v2\/pages\/1186\/revisions\/1657"}],"up":[{"embeddable":true,"href":"https:\/\/juliakrantz.com.br\/en\/wp-json\/wp\/v2\/pages\/32"}],"wp:attachment":[{"href":"https:\/\/juliakrantz.com.br\/en\/wp-json\/wp\/v2\/media?parent=1186"}],"curies":[{"name":"wp","href":"https:\/\/api.w.org\/{rel}","templated":true}]}}